{"id":3153,"date":"2022-02-21T11:30:53","date_gmt":"2022-02-21T11:30:53","guid":{"rendered":"http:\/\/www.citisend.io\/privacy-policy\/"},"modified":"2025-04-24T13:26:12","modified_gmt":"2025-04-24T13:26:12","slug":"privacy-policy","status":"publish","type":"page","link":"https:\/\/www.citisend.io\/en\/privacy-policy\/","title":{"rendered":"Privacy Policy"},"content":{"rendered":"\t\t<div data-elementor-type=\"wp-page\" data-elementor-id=\"3153\" class=\"elementor elementor-3153 elementor-1989\" data-elementor-post-type=\"page\">\n\t\t\t\t\t\t<section class=\"elementor-section elementor-top-section elementor-element elementor-element-1be5686a elementor-section-height-min-height elementor-section-boxed elementor-section-height-default elementor-section-items-middle\" data-id=\"1be5686a\" data-element_type=\"section\" data-e-type=\"section\" data-settings=\"{&quot;background_background&quot;:&quot;classic&quot;}\">\n\t\t\t\t\t\t\t<div class=\"elementor-background-overlay\"><\/div>\n\t\t\t\t\t\t\t<div class=\"elementor-container elementor-column-gap-default\">\n\t\t\t\t\t<div class=\"elementor-column elementor-col-33 elementor-top-column elementor-element elementor-element-1d261cf3\" data-id=\"1d261cf3\" data-element_type=\"column\" data-e-type=\"column\">\n\t\t\t<div class=\"elementor-widget-wrap\">\n\t\t\t\t\t\t\t<\/div>\n\t\t<\/div>\n\t\t\t\t<div class=\"elementor-column elementor-col-33 elementor-top-column elementor-element elementor-element-21de0e59\" data-id=\"21de0e59\" data-element_type=\"column\" data-e-type=\"column\">\n\t\t\t<div class=\"elementor-widget-wrap elementor-element-populated\">\n\t\t\t\t\t\t<div class=\"elementor-element elementor-element-7fff2212 elementor-widget elementor-widget-heading\" data-id=\"7fff2212\" data-element_type=\"widget\" data-e-type=\"widget\" data-widget_type=\"heading.default\">\n\t\t\t\t<div class=\"elementor-widget-container\">\n\t\t\t\t\t<h1 class=\"elementor-heading-title elementor-size-default\">Privacy Policy<\/h1>\t\t\t\t<\/div>\n\t\t\t\t<\/div>\n\t\t\t\t\t<\/div>\n\t\t<\/div>\n\t\t\t\t<div class=\"elementor-column elementor-col-33 elementor-top-column elementor-element elementor-element-619fe5b8\" data-id=\"619fe5b8\" data-element_type=\"column\" data-e-type=\"column\">\n\t\t\t<div class=\"elementor-widget-wrap\">\n\t\t\t\t\t\t\t<\/div>\n\t\t<\/div>\n\t\t\t\t\t<\/div>\n\t\t<\/section>\n\t\t\t\t<section class=\"elementor-section elementor-top-section elementor-element elementor-element-6bb673e9 elementor-section-boxed elementor-section-height-default elementor-section-height-default\" data-id=\"6bb673e9\" data-element_type=\"section\" data-e-type=\"section\">\n\t\t\t\t\t\t<div class=\"elementor-container elementor-column-gap-default\">\n\t\t\t\t\t<div class=\"elementor-column elementor-col-100 elementor-top-column elementor-element elementor-element-735d0bf0\" data-id=\"735d0bf0\" data-element_type=\"column\" data-e-type=\"column\">\n\t\t\t<div class=\"elementor-widget-wrap elementor-element-populated\">\n\t\t\t\t\t\t<div class=\"elementor-element elementor-element-13ddc5a3 animated-slow elementor-widget__width-auto elementor-absolute elementor-invisible elementor-widget elementor-widget-image\" data-id=\"13ddc5a3\" data-element_type=\"widget\" data-e-type=\"widget\" data-settings=\"{&quot;_animation&quot;:&quot;fadeInLeft&quot;,&quot;_animation_delay&quot;:0,&quot;_position&quot;:&quot;absolute&quot;}\" data-widget_type=\"image.default\">\n\t\t\t\t<div class=\"elementor-widget-container\">\n\t\t\t\t\t\t\t\t\t\t\t\t\t\t\t<img fetchpriority=\"high\" decoding=\"async\" width=\"600\" height=\"600\" src=\"https:\/\/www.citisend.io\/wp-content\/uploads\/2021\/09\/5-rio-custom1.png\" class=\"attachment-large size-large wp-image-822\" alt=\"\" srcset=\"https:\/\/www.citisend.io\/wp-content\/uploads\/2021\/09\/5-rio-custom1.png 600w, https:\/\/www.citisend.io\/wp-content\/uploads\/2021\/09\/5-rio-custom1-300x300.png 300w, https:\/\/www.citisend.io\/wp-content\/uploads\/2021\/09\/5-rio-custom1-150x150.png 150w\" sizes=\"(max-width: 600px) 100vw, 600px\" \/>\t\t\t\t\t\t\t\t\t\t\t\t\t\t\t<\/div>\n\t\t\t\t<\/div>\n\t\t\t\t<div class=\"elementor-element elementor-element-60138747 elementor-widget elementor-widget-heading\" data-id=\"60138747\" data-element_type=\"widget\" data-e-type=\"widget\" data-widget_type=\"heading.default\">\n\t\t\t\t<div class=\"elementor-widget-container\">\n\t\t\t\t\t<h2 class=\"elementor-heading-title elementor-size-default\">Web Privacy Policy<\/h2>\t\t\t\t<\/div>\n\t\t\t\t<\/div>\n\t\t\t\t<div class=\"elementor-element elementor-element-1e7baa8b elementor-widget elementor-widget-text-editor\" data-id=\"1e7baa8b\" data-element_type=\"widget\" data-e-type=\"widget\" data-widget_type=\"text-editor.default\">\n\t\t\t\t<div class=\"elementor-widget-container\">\n\t\t\t\t\t\t\t\t\t<div class=\"modal-header\">\n<div class=\"ctext-content\">\n<p><strong>Data Controller<\/strong><\/p>\n<p>The company responsible for processing your data under this Privacy Policy is: CITISEND-URD S.L.<\/p>\n<p>NIF: B01801919<\/p>\n<p>Address: PCITAL GARDENY (EDIF. H2), S\/N &#8211; PLT 2 25003 LLEIDA<\/p>\n<p>Email address: info@citisend.io<\/p>\n<p>Website: www.citisend.io<\/p>\n<p>Phone: <a href=\"tel:+34973100801\"><span class=\"elementor-icon-list-text\">+34 973 100 801<\/span><\/a><\/p>\n<p>Registered in the Commercial Registry of &#8230;&#8230;&#8230;&#8230;&#8230;&#8230;&#8230;&#8230;.<\/p>\n<p>At CITISEND-URD S.L., we recognize the importance of protecting your personal information and are committed to handling it responsibly and in compliance with data protection laws.<\/p>\n<p>This Privacy Policy aims to regulate all aspects related to the processing of data of different users who browse or provide their information through the various forms located on the website.<\/p>\n<\/div>\n<p><\/div>\n\t\t\t\t\t\t\t\t<\/div>\n\t\t\t\t<\/div>\n\t\t\t\t<div class=\"elementor-element elementor-element-cb86663 elementor-widget elementor-widget-heading\" data-id=\"cb86663\" data-element_type=\"widget\" data-e-type=\"widget\" data-widget_type=\"heading.default\">\n\t\t\t\t<div class=\"elementor-widget-container\">\n\t\t\t\t\t<h5 class=\"elementor-heading-title elementor-size-default\">Personal data<\/h5>\t\t\t\t<\/div>\n\t\t\t\t<\/div>\n\t\t\t\t<div class=\"elementor-element elementor-element-eb0ec94 elementor-widget elementor-widget-text-editor\" data-id=\"eb0ec94\" data-element_type=\"widget\" data-e-type=\"widget\" data-widget_type=\"text-editor.default\">\n\t\t\t\t<div class=\"elementor-widget-container\">\n\t\t\t\t\t\t\t\t\t<p>A personal data is the information that identifies you or makes you identifiable. Through the web, in the boxes established for this purpose, we collect the personal data that the user communicates to us: name, surname, email, telephone, postal address, town, etc., as well as all those data that the user voluntarily provides us through any of the social networks in which the user is registered. In this case, privacy will depend on the configuration established by the user himself, as well as the terms and conditions of the corresponding social network.<\/p>\n<p>The user&#8217;s visit to the website does not imply that he\/she must provide information about his\/her personal data. However, in case of providing them, the data will be treated lawfully in accordance, at all times, with the principles and rights contained in the RGPD 2016\/679 of 26 April and the LOPDGDD 3\/2018 of 5 December.<\/p>\n\t\t\t\t\t\t\t\t<\/div>\n\t\t\t\t<\/div>\n\t\t\t\t<div class=\"elementor-element elementor-element-d5c010f elementor-widget elementor-widget-heading\" data-id=\"d5c010f\" data-element_type=\"widget\" data-e-type=\"widget\" data-widget_type=\"heading.default\">\n\t\t\t\t<div class=\"elementor-widget-container\">\n\t\t\t\t\t<h5 class=\"elementor-heading-title elementor-size-default\">Purpose, duration and legitimacy of the treatment<\/h5>\t\t\t\t<\/div>\n\t\t\t\t<\/div>\n\t\t\t\t<div class=\"elementor-element elementor-element-8746d9b elementor-widget elementor-widget-text-editor\" data-id=\"8746d9b\" data-element_type=\"widget\" data-e-type=\"widget\" data-widget_type=\"text-editor.default\">\n\t\t\t\t<div class=\"elementor-widget-container\">\n\t\t\t\t\t\t\t\t\t<p>The data provided by the user will be processed for the following purposes:<\/p>\n<ul>\n<li><strong>To attend to the request or request made by the user<\/strong> through the contact form located on the web. We collect and process the user&#8217;s personal data in order to process and manage your request, query or any request made through the form. These data will be kept for the time necessary to fulfill your request and for the period established by law, with a minimum duration of 3 years.<\/li>\n<\/ul>\n<p>The basis of legitimacy of the data processing will be the consent given by the user by selecting the acceptance box of our privacy policy before sending the request. The user has the right to revoke his consent at any time, without affecting the lawfulness of the processing based on the consent prior to its withdrawal.<\/p>\n<ul>\n<li><strong>To improve the user&#8217;s experience when browsing the web.<\/strong> This data will be retained as long as the user does not revoke their consent to treatment by deleting cookies and for the time established by law, with a minimum duration of 3 years.<\/li>\n<\/ul>\n<p>The basis of legitimacy to improve the user experience when browsing the web is the consent given by accepting cookies. The user has the right to revoke their consent at any time, without affecting the lawfulness of the treatment based on the consent prior to its withdrawal.<\/p>\n<ul>\n<li><strong>Manage our social networks and send you information about our activities and products.<\/strong> We will keep this data as long as the user does not revoke their consent to the processing of the same and for the time established by law, with a minimum duration of 3 years. The basis of legitimacy to manage our social networks and send you our activities and news is the consent you give us for it. The user has the right to revoke their consent at any time without affecting the lawfulness of the treatment based on the consent prior to its withdrawal.<\/li>\n<\/ul>\n<p>&nbsp;<\/p>\n<ul>\n<li><strong>Manage the registration and participation of the user in the blog comment form located on the web.<\/strong> These comments will be managed by the WordPress platform. We will keep the data provided as long as the user does not request unsubscription from the blog content and for the time established by law, with a minimum duration of 3 years. The basis of legitimacy of the data processing will be the consent given by the user when registering through the subscription form to the blog and selecting the acceptance box of our privacy policy before sending your request. The user has the right to revoke their consent at any time without affecting the lawfulness of the processing based on the consent prior to its withdrawal.<\/li>\n<li><strong>Manage the curriculum sent by the interested person through the form provided for this purpose and include it in the database of candidates of the company.<\/strong> The data will be kept for a maximum period of one year, after which the data will be blocked for the legally established period of time, guaranteeing total respect for confidentiality both in the processing and in its subsequent destruction. The basis of legitimacy to manage and treat the curriculum of the person concerned is their consent, which manifests itself by making an affirmative action to send the same and selecting the box of acceptance of our privacy policy prior to sending. The user has the right to revoke their consent at any time without affecting the lawfulness of the processing based on the consent prior to its withdrawal.<\/li>\n<\/ul>\n\t\t\t\t\t\t\t\t<\/div>\n\t\t\t\t<\/div>\n\t\t\t\t<div class=\"elementor-element elementor-element-cf33c28 elementor-widget elementor-widget-heading\" data-id=\"cf33c28\" data-element_type=\"widget\" data-e-type=\"widget\" data-widget_type=\"heading.default\">\n\t\t\t\t<div class=\"elementor-widget-container\">\n\t\t\t\t\t<h5 class=\"elementor-heading-title elementor-size-default\">Assignment or communication of personal data and international transfers<\/h5>\t\t\t\t<\/div>\n\t\t\t\t<\/div>\n\t\t\t\t<div class=\"elementor-element elementor-element-c44896a elementor-widget elementor-widget-text-editor\" data-id=\"c44896a\" data-element_type=\"widget\" data-e-type=\"widget\" data-widget_type=\"text-editor.default\">\n\t\t\t\t<div class=\"elementor-widget-container\">\n\t\t\t\t\t\t\t\t\t<p>Your data will not be communicated or disclosed to third parties, unless there is a legal obligation or to those providers linked to the Controller who act as data processors.<\/p>\n<p>Nuestros servidores est\u00e1n situados en la Uni\u00f3n Europea y, por regla general, contratamos prestadores de servicios ubicados tambi\u00e9n dentro del Espacio Econ\u00f3mico Europeo o en pa\u00edses que han sido declarados con un nivel adecuado de protecci\u00f3n.<\/p>\n<p>Si necesitamos utilizar proveedores de servicios externos que requieran la transmisi\u00f3n de datos personales fuera de la Uni\u00f3n Europea o en pa\u00edses que no han sido declarados con un nivel adecuado de protecci\u00f3n, nos aseguraremos de garantizar la seguridad y legitimidad del tratamiento de sus datos mediante decisiones de adecuaci\u00f3n, cl\u00e1usulas tipo, normas corporativas vinculantes, excepciones u otro instrumento aprobado por la autoridad de control que ofrezca las garant\u00edas adecuadas para la realizaci\u00f3n de la transferencia internacional de datos.<\/p>\n\t\t\t\t\t\t\t\t<\/div>\n\t\t\t\t<\/div>\n\t\t\t\t<div class=\"elementor-element elementor-element-c532153 elementor-widget elementor-widget-heading\" data-id=\"c532153\" data-element_type=\"widget\" data-e-type=\"widget\" data-widget_type=\"heading.default\">\n\t\t\t\t<div class=\"elementor-widget-container\">\n\t\t\t\t\t<h5 class=\"elementor-heading-title elementor-size-default\">Data update<\/h5>\t\t\t\t<\/div>\n\t\t\t\t<\/div>\n\t\t\t\t<div class=\"elementor-element elementor-element-7d27a08 elementor-widget elementor-widget-text-editor\" data-id=\"7d27a08\" data-element_type=\"widget\" data-e-type=\"widget\" data-widget_type=\"text-editor.default\">\n\t\t\t\t<div class=\"elementor-widget-container\">\n\t\t\t\t\t\t\t\t\t<p>It is important that, in order to keep the personal data updated, the user informs us whenever there has been any change in these; otherwise, we are not responsible for the veracity of the same.<\/p>\n<p>The user guarantees that the personal data provided are truthful, ensuring that all information provided corresponds to the real situation, is updated and accurate, and undertakes to communicate any changes.<\/p>\n\t\t\t\t\t\t\t\t<\/div>\n\t\t\t\t<\/div>\n\t\t\t\t<div class=\"elementor-element elementor-element-56c1e05 elementor-widget elementor-widget-heading\" data-id=\"56c1e05\" data-element_type=\"widget\" data-e-type=\"widget\" data-widget_type=\"heading.default\">\n\t\t\t\t<div class=\"elementor-widget-container\">\n\t\t\t\t\t<h5 class=\"elementor-heading-title elementor-size-default\">Data from third parties<\/h5>\t\t\t\t<\/div>\n\t\t\t\t<\/div>\n\t\t\t\t<div class=\"elementor-element elementor-element-64b528d elementor-widget elementor-widget-text-editor\" data-id=\"64b528d\" data-element_type=\"widget\" data-e-type=\"widget\" data-widget_type=\"text-editor.default\">\n\t\t\t\t<div class=\"elementor-widget-container\">\n\t\t\t\t\t\t\t\t\t<p>If the user provides data of third parties for any purpose to CITISEND-URD S.L., he\/she guarantees that he\/she has obtained such data in a lawful manner, that he\/she has previously informed the affected parties, obtaining their consent to communicate the information to them, and that the data provided are accurate and truthful.<\/p>\n\t\t\t\t\t\t\t\t<\/div>\n\t\t\t\t<\/div>\n\t\t\t\t<div class=\"elementor-element elementor-element-e0cd7d4 elementor-widget elementor-widget-heading\" data-id=\"e0cd7d4\" data-element_type=\"widget\" data-e-type=\"widget\" data-widget_type=\"heading.default\">\n\t\t\t\t<div class=\"elementor-widget-container\">\n\t\t\t\t\t<h5 class=\"elementor-heading-title elementor-size-default\">Mandatory nature of the information requested<\/h5>\t\t\t\t<\/div>\n\t\t\t\t<\/div>\n\t\t\t\t<div class=\"elementor-element elementor-element-e2843e8 elementor-widget elementor-widget-text-editor\" data-id=\"e2843e8\" data-element_type=\"widget\" data-e-type=\"widget\" data-widget_type=\"text-editor.default\">\n\t\t\t\t<div class=\"elementor-widget-container\">\n\t\t\t\t\t\t\t\t\t<p>All our forms have an asterisk (*) in the required fields. If the user does not fill in these fields or does not check the box to accept the privacy policy, the information will not be allowed to be sent.<\/p>\n\t\t\t\t\t\t\t\t<\/div>\n\t\t\t\t<\/div>\n\t\t\t\t<div class=\"elementor-element elementor-element-4248f58 elementor-widget elementor-widget-heading\" data-id=\"4248f58\" data-element_type=\"widget\" data-e-type=\"widget\" data-widget_type=\"heading.default\">\n\t\t\t\t<div class=\"elementor-widget-container\">\n\t\t\t\t\t<h5 class=\"elementor-heading-title elementor-size-default\">Rights of interested parties<\/h5>\t\t\t\t<\/div>\n\t\t\t\t<\/div>\n\t\t\t\t<div class=\"elementor-element elementor-element-64e9922 elementor-widget elementor-widget-text-editor\" data-id=\"64e9922\" data-element_type=\"widget\" data-e-type=\"widget\" data-widget_type=\"text-editor.default\">\n\t\t\t\t<div class=\"elementor-widget-container\">\n\t\t\t\t\t\t\t\t\t<p>You have the right to access your data and obtain confirmation of its processing, as well as a copy of the personal data being processed. You have the right to update them and to request the rectification of data that are inaccurate, or to request deletion when the data are not necessary for the purposes for which they were collected. You may request the limitation in the processing of your data and oppose the processing of your data by revoking your consent, as well as exercise the right to data portability. You also have the right not to be subject to decisions based solely on automated processing of your personal data. You can exercise your rights by contacting us at info@citisend.io.<\/p>\n<p>If you feel that your rights have not been properly addressed, you have the right to lodge a complaint with the supervisory authority at www.aepd.es.<\/p>\n\t\t\t\t\t\t\t\t<\/div>\n\t\t\t\t<\/div>\n\t\t\t\t<div class=\"elementor-element elementor-element-0ceb243 elementor-widget elementor-widget-heading\" data-id=\"0ceb243\" data-element_type=\"widget\" data-e-type=\"widget\" data-widget_type=\"heading.default\">\n\t\t\t\t<div class=\"elementor-widget-container\">\n\t\t\t\t\t<h5 class=\"elementor-heading-title elementor-size-default\">Data processing of minors<\/h5>\t\t\t\t<\/div>\n\t\t\t\t<\/div>\n\t\t\t\t<div class=\"elementor-element elementor-element-203840e elementor-widget elementor-widget-text-editor\" data-id=\"203840e\" data-element_type=\"widget\" data-e-type=\"widget\" data-widget_type=\"text-editor.default\">\n\t\t\t\t<div class=\"elementor-widget-container\">\n\t\t\t\t\t\t\t\t\t<p>Whoever provides the data through the forms on this website and accepts its treatment declares to be over 14 years old, being prohibited access and use of the portal to minors of this age. If at any time the Responsible Party detects that a minor under 14 years of age has provided personal data, we will proceed to the cancellation of the same. Likewise, parents or guardians may, in any case, contact CITISEND-URD S.L. to block the access account of minors under their guardianship who have registered by falsifying their identity.<\/p>\n\t\t\t\t\t\t\t\t<\/div>\n\t\t\t\t<\/div>\n\t\t\t\t<div class=\"elementor-element elementor-element-bed9a55 elementor-widget elementor-widget-heading\" data-id=\"bed9a55\" data-element_type=\"widget\" data-e-type=\"widget\" data-widget_type=\"heading.default\">\n\t\t\t\t<div class=\"elementor-widget-container\">\n\t\t\t\t\t<h5 class=\"elementor-heading-title elementor-size-default\">Social networks<\/h5>\t\t\t\t<\/div>\n\t\t\t\t<\/div>\n\t\t\t\t<div class=\"elementor-element elementor-element-ee8b069 elementor-widget elementor-widget-text-editor\" data-id=\"ee8b069\" data-element_type=\"widget\" data-e-type=\"widget\" data-widget_type=\"text-editor.default\">\n\t\t\t\t<div class=\"elementor-widget-container\">\n\t\t\t\t\t\t\t\t\t<p>The purpose of tools such as Facebook, Twitter, Instagram, etc., or other social networks is to give visibility and diffusion to the activities developed by our organization. These tools store personal data on the servers of the respective services and are governed by their own privacy policy. It is recommended to review and read the terms of use and privacy policy of the social network at the time of registration, taking into account the different possibilities of configuration in relation to the degree of privacy of the user profile on the social network.<\/p>\n<p>Likewise, the Responsible reserves the right to remove from its social networks any information published by third parties that violates the law, incites or contains messages that violate the dignity of persons or institutions, as well as the right to block or denounce the profile author of such messages.<\/p>\n\t\t\t\t\t\t\t\t<\/div>\n\t\t\t\t<\/div>\n\t\t\t\t<div class=\"elementor-element elementor-element-8e3b136 elementor-widget elementor-widget-heading\" data-id=\"8e3b136\" data-element_type=\"widget\" data-e-type=\"widget\" data-widget_type=\"heading.default\">\n\t\t\t\t<div class=\"elementor-widget-container\">\n\t\t\t\t\t<h5 class=\"elementor-heading-title elementor-size-default\">Treatment of cookies<\/h5>\t\t\t\t<\/div>\n\t\t\t\t<\/div>\n\t\t\t\t<div class=\"elementor-element elementor-element-651b16d elementor-widget elementor-widget-text-editor\" data-id=\"651b16d\" data-element_type=\"widget\" data-e-type=\"widget\" data-widget_type=\"text-editor.default\">\n\t\t\t\t<div class=\"elementor-widget-container\">\n\t\t\t\t\t\t\t\t\t<p>A cookie is a small file that is downloaded and stored on the user&#8217;s computer when the user accesses a web page. Cookies allow the web, among other things, store and retrieve information about browsing habits of the user or your computer, and depending on the information they contain and the way you use your computer, can be used to recognize the user.<\/p>\n<p>The user has the option to prevent the generation of cookies by selecting the appropriate option in your browser. You can obtain more information by reading our Cookies Policy.<\/p>\n\t\t\t\t\t\t\t\t<\/div>\n\t\t\t\t<\/div>\n\t\t\t\t\t<\/div>\n\t\t<\/div>\n\t\t\t\t\t<\/div>\n\t\t<\/section>\n\t\t\t\t<\/div>\n\t\t","protected":false},"excerpt":{"rendered":"<p>Privacy Policy Web Privacy Policy Data Controller The company responsible for processing your data under this Privacy Policy is: CITISEND-URD S.L. NIF: B01801919 Address: PCITAL GARDENY (EDIF. H2), S\/N &#8211; PLT 2 25003 LLEIDA Email address: info@citisend.io Website: www.citisend.io Phone: +34 973 100 801 Registered in the Commercial Registry of &#8230;&#8230;&#8230;&#8230;&#8230;&#8230;&#8230;&#8230;. At CITISEND-URD S.L., we [&hellip;]<\/p>\n","protected":false},"author":1,"featured_media":0,"parent":0,"menu_order":0,"comment_status":"closed","ping_status":"closed","template":"elementor_header_footer","meta":{"om_disable_all_campaigns":false,"_monsterinsights_skip_tracking":false,"_monsterinsights_sitenote_active":false,"_monsterinsights_sitenote_note":"","_monsterinsights_sitenote_category":0,"footnotes":""},"class_list":["post-3153","page","type-page","status-publish","hentry"],"aioseo_notices":[],"_links":{"self":[{"href":"https:\/\/www.citisend.io\/en\/wp-json\/wp\/v2\/pages\/3153","targetHints":{"allow":["GET"]}}],"collection":[{"href":"https:\/\/www.citisend.io\/en\/wp-json\/wp\/v2\/pages"}],"about":[{"href":"https:\/\/www.citisend.io\/en\/wp-json\/wp\/v2\/types\/page"}],"author":[{"embeddable":true,"href":"https:\/\/www.citisend.io\/en\/wp-json\/wp\/v2\/users\/1"}],"replies":[{"embeddable":true,"href":"https:\/\/www.citisend.io\/en\/wp-json\/wp\/v2\/comments?post=3153"}],"version-history":[{"count":2,"href":"https:\/\/www.citisend.io\/en\/wp-json\/wp\/v2\/pages\/3153\/revisions"}],"predecessor-version":[{"id":4400,"href":"https:\/\/www.citisend.io\/en\/wp-json\/wp\/v2\/pages\/3153\/revisions\/4400"}],"wp:attachment":[{"href":"https:\/\/www.citisend.io\/en\/wp-json\/wp\/v2\/media?parent=3153"}],"curies":[{"name":"wp","href":"https:\/\/api.w.org\/{rel}","templated":true}]}}