{"id":4005,"date":"2023-10-02T14:48:43","date_gmt":"2023-10-02T14:48:43","guid":{"rendered":"https:\/\/www.citisend.io\/area-demergencia\/"},"modified":"2023-12-14T12:47:17","modified_gmt":"2023-12-14T12:47:17","slug":"area-demergencia","status":"publish","type":"page","link":"https:\/\/www.citisend.io\/ca\/area-demergencia\/","title":{"rendered":"\u00c0rea d&#8217;emerg\u00e8ncia"},"content":{"rendered":"\t\t<div data-elementor-type=\"wp-page\" data-elementor-id=\"4005\" class=\"elementor elementor-4005 elementor-3421\" data-elementor-post-type=\"page\">\n\t\t\t\t\t\t<section class=\"elementor-section elementor-top-section elementor-element elementor-element-334dddd6 elementor-section-height-min-height elementor-section-boxed elementor-section-height-default elementor-section-items-middle\" data-id=\"334dddd6\" data-element_type=\"section\" data-e-type=\"section\" data-settings=\"{&quot;background_background&quot;:&quot;classic&quot;}\">\n\t\t\t\t\t\t\t<div class=\"elementor-background-overlay\"><\/div>\n\t\t\t\t\t\t\t<div class=\"elementor-container elementor-column-gap-default\">\n\t\t\t\t\t<div class=\"elementor-column elementor-col-33 elementor-top-column elementor-element elementor-element-2372a13c\" data-id=\"2372a13c\" data-element_type=\"column\" data-e-type=\"column\">\n\t\t\t<div class=\"elementor-widget-wrap\">\n\t\t\t\t\t\t\t<\/div>\n\t\t<\/div>\n\t\t\t\t<div class=\"elementor-column elementor-col-33 elementor-top-column elementor-element elementor-element-62aa2eb6\" data-id=\"62aa2eb6\" data-element_type=\"column\" data-e-type=\"column\">\n\t\t\t<div class=\"elementor-widget-wrap elementor-element-populated\">\n\t\t\t\t\t\t\t<\/div>\n\t\t<\/div>\n\t\t\t\t<div class=\"elementor-column elementor-col-33 elementor-top-column elementor-element elementor-element-392fa43f\" data-id=\"392fa43f\" data-element_type=\"column\" data-e-type=\"column\">\n\t\t\t<div class=\"elementor-widget-wrap\">\n\t\t\t\t\t\t\t<\/div>\n\t\t<\/div>\n\t\t\t\t\t<\/div>\n\t\t<\/section>\n\t\t\t\t<section class=\"elementor-section elementor-top-section elementor-element elementor-element-14e25538 elementor-section-height-min-height elementor-section-boxed elementor-section-height-default elementor-section-items-middle\" data-id=\"14e25538\" data-element_type=\"section\" data-e-type=\"section\" data-settings=\"{&quot;background_background&quot;:&quot;classic&quot;}\">\n\t\t\t\t\t\t<div class=\"elementor-container elementor-column-gap-default\">\n\t\t\t\t\t<div class=\"elementor-column elementor-col-50 elementor-top-column elementor-element elementor-element-485e3988\" data-id=\"485e3988\" data-element_type=\"column\" data-e-type=\"column\">\n\t\t\t<div class=\"elementor-widget-wrap elementor-element-populated\">\n\t\t\t\t\t\t<div class=\"elementor-element elementor-element-426f3456 animated-slow elementor-widget__width-auto elementor-absolute elementor-invisible elementor-widget elementor-widget-image\" data-id=\"426f3456\" data-element_type=\"widget\" data-e-type=\"widget\" data-settings=\"{&quot;_animation&quot;:&quot;fadeInLeft&quot;,&quot;_animation_delay&quot;:0,&quot;_position&quot;:&quot;absolute&quot;}\" data-widget_type=\"image.default\">\n\t\t\t\t<div class=\"elementor-widget-container\">\n\t\t\t\t\t\t\t\t\t\t\t\t\t\t\t<img fetchpriority=\"high\" decoding=\"async\" width=\"600\" height=\"600\" src=\"https:\/\/www.citisend.io\/wp-content\/uploads\/2021\/09\/5-rio-custom1.png\" class=\"attachment-large size-large wp-image-822\" alt=\"\" srcset=\"https:\/\/www.citisend.io\/wp-content\/uploads\/2021\/09\/5-rio-custom1.png 600w, https:\/\/www.citisend.io\/wp-content\/uploads\/2021\/09\/5-rio-custom1-300x300.png 300w, https:\/\/www.citisend.io\/wp-content\/uploads\/2021\/09\/5-rio-custom1-150x150.png 150w\" sizes=\"(max-width: 600px) 100vw, 600px\" \/>\t\t\t\t\t\t\t\t\t\t\t\t\t\t\t<\/div>\n\t\t\t\t<\/div>\n\t\t\t\t<div class=\"elementor-element elementor-element-488e736a elementor-invisible elementor-widget elementor-widget-heading\" data-id=\"488e736a\" data-element_type=\"widget\" data-e-type=\"widget\" data-settings=\"{&quot;_animation&quot;:&quot;fadeInUp&quot;,&quot;_animation_delay&quot;:1000}\" data-widget_type=\"heading.default\">\n\t\t\t\t<div class=\"elementor-widget-container\">\n\t\t\t\t\t<div class=\"elementor-heading-title elementor-size-default\">Productes<\/div>\t\t\t\t<\/div>\n\t\t\t\t<\/div>\n\t\t\t\t<div class=\"elementor-element elementor-element-66e79f2 elementor-widget elementor-widget-heading\" data-id=\"66e79f2\" data-element_type=\"widget\" data-e-type=\"widget\" data-widget_type=\"heading.default\">\n\t\t\t\t<div class=\"elementor-widget-container\">\n\t\t\t\t\t<h2 class=\"elementor-heading-title elementor-size-default\">Controleu l'acc\u00e9s de l'\u00e0rea d'emerg\u00e8ncia<\/h2>\t\t\t\t<\/div>\n\t\t\t\t<\/div>\n\t\t\t\t<div class=\"elementor-element elementor-element-71756fc4 elementor-widget elementor-widget-text-editor\" data-id=\"71756fc4\" data-element_type=\"widget\" data-e-type=\"widget\" data-widget_type=\"text-editor.default\">\n\t\t\t\t<div class=\"elementor-widget-container\">\n\t\t\t\t\t\t\t\t\t<p>A Citisend brindem una soluci\u00f3 per controlar l&#8217;acc\u00e9s a les \u00e0rees d&#8217;emerg\u00e8ncia, s\u00f3n \u00e0rees amb pas controlat que brinden al ciutad\u00e0 la possibilitat de ser utilitzades en casos controlats.<\/p>\n<p><strong>\u00a0<\/strong><\/p>\n<p>Amb el nostre sistema, tens un control total sobre qui i quan pot accedir a un contenidor oa una zona de contenidors.<\/p>\n<p>&nbsp;<\/p>\n<p>L&#8217;acc\u00e9s a \u00e0rees d&#8217;emerg\u00e8ncia permet als ciutadans entrar a zones amb contenidors controlats, assegurant-ne un \u00fas regulat. Aquest acc\u00e9s es monitoritza de manera efectiva a trav\u00e9s de l&#8217;aplicaci\u00f3 o el programari de gesti\u00f3, i proporciona una visi\u00f3 en temps real. A m\u00e9s, la integraci\u00f3 amb sistemes de videovigil\u00e0ncia agilitza encara m\u00e9s el control en connectar el programari amb imatges captades, millorant la supervisi\u00f3 i la capacitat de resposta davant de situacions cr\u00edtiques. Aquesta sinergia entre acc\u00e9s gestionat i tecnologia de vigil\u00e0ncia enforteix la seguretat i l&#8217;efici\u00e8ncia en el maneig d&#8217;\u00e0rees d&#8217;emerg\u00e8ncia, prioritzant la protecci\u00f3 ciutadana i la gesti\u00f3 efectiva de recursos.<\/p>\n\t\t\t\t\t\t\t\t<\/div>\n\t\t\t\t<\/div>\n\t\t\t\t<div class=\"elementor-element elementor-element-73e2968f elementor-widget elementor-widget-heading\" data-id=\"73e2968f\" data-element_type=\"widget\" data-e-type=\"widget\" data-widget_type=\"heading.default\">\n\t\t\t\t<div class=\"elementor-widget-container\">\n\t\t\t\t\t<h6 class=\"elementor-heading-title elementor-size-default\">Beneficis<\/h6>\t\t\t\t<\/div>\n\t\t\t\t<\/div>\n\t\t\t\t<section class=\"elementor-section elementor-inner-section elementor-element elementor-element-6c29d61e elementor-section-boxed elementor-section-height-default elementor-section-height-default\" data-id=\"6c29d61e\" data-element_type=\"section\" data-e-type=\"section\">\n\t\t\t\t\t\t<div class=\"elementor-container elementor-column-gap-default\">\n\t\t\t\t\t<div class=\"elementor-column elementor-col-50 elementor-inner-column elementor-element elementor-element-22cda5f2\" data-id=\"22cda5f2\" data-element_type=\"column\" data-e-type=\"column\">\n\t\t\t<div class=\"elementor-widget-wrap elementor-element-populated\">\n\t\t\t\t\t\t<div class=\"elementor-element elementor-element-507325b0 elementor-icon-list--layout-traditional elementor-list-item-link-full_width elementor-widget elementor-widget-icon-list\" data-id=\"507325b0\" data-element_type=\"widget\" data-e-type=\"widget\" data-widget_type=\"icon-list.default\">\n\t\t\t\t<div class=\"elementor-widget-container\">\n\t\t\t\t\t\t\t<ul class=\"elementor-icon-list-items\">\n\t\t\t\t\t\t\t<li class=\"elementor-icon-list-item\">\n\t\t\t\t\t\t\t\t\t\t\t<span class=\"elementor-icon-list-icon\">\n\t\t\t\t\t\t\t<i aria-hidden=\"true\" class=\"fas fa-check-circle\"><\/i>\t\t\t\t\t\t<\/span>\n\t\t\t\t\t\t\t\t\t\t<span class=\"elementor-icon-list-text\">Augmentar el reciclatge del municipi.<\/span>\n\t\t\t\t\t\t\t\t\t<\/li>\n\t\t\t\t\t\t\t\t<li class=\"elementor-icon-list-item\">\n\t\t\t\t\t\t\t\t\t\t\t<span class=\"elementor-icon-list-icon\">\n\t\t\t\t\t\t\t<i aria-hidden=\"true\" class=\"fas fa-check-circle\"><\/i>\t\t\t\t\t\t<\/span>\n\t\t\t\t\t\t\t\t\t\t<span class=\"elementor-icon-list-text\">Millorar l'\u00fas dels espais dels habitants.<\/span>\n\t\t\t\t\t\t\t\t\t<\/li>\n\t\t\t\t\t\t<\/ul>\n\t\t\t\t\t\t<\/div>\n\t\t\t\t<\/div>\n\t\t\t\t\t<\/div>\n\t\t<\/div>\n\t\t\t\t<div class=\"elementor-column elementor-col-50 elementor-inner-column elementor-element elementor-element-6b0d0214\" data-id=\"6b0d0214\" data-element_type=\"column\" data-e-type=\"column\">\n\t\t\t<div class=\"elementor-widget-wrap elementor-element-populated\">\n\t\t\t\t\t\t<div class=\"elementor-element elementor-element-22b078af elementor-icon-list--layout-traditional elementor-list-item-link-full_width elementor-widget elementor-widget-icon-list\" data-id=\"22b078af\" data-element_type=\"widget\" data-e-type=\"widget\" data-widget_type=\"icon-list.default\">\n\t\t\t\t<div class=\"elementor-widget-container\">\n\t\t\t\t\t\t\t<ul class=\"elementor-icon-list-items\">\n\t\t\t\t\t\t\t<li class=\"elementor-icon-list-item\">\n\t\t\t\t\t\t\t\t\t\t\t<span class=\"elementor-icon-list-icon\">\n\t\t\t\t\t\t\t<i aria-hidden=\"true\" class=\"fas fa-check-circle\"><\/i>\t\t\t\t\t\t<\/span>\n\t\t\t\t\t\t\t\t\t\t<span class=\"elementor-icon-list-text\">Reduir l'\u00fas de terceres persones d'altres municipis.<\/span>\n\t\t\t\t\t\t\t\t\t<\/li>\n\t\t\t\t\t\t\t\t<li class=\"elementor-icon-list-item\">\n\t\t\t\t\t\t\t\t\t\t\t<span class=\"elementor-icon-list-icon\">\n\t\t\t\t\t\t\t<i aria-hidden=\"true\" class=\"fas fa-check-circle\"><\/i>\t\t\t\t\t\t<\/span>\n\t\t\t\t\t\t\t\t\t\t<span class=\"elementor-icon-list-text\">Analitzar l'\u00fas dels usuaris dels espais habilitats.<\/span>\n\t\t\t\t\t\t\t\t\t<\/li>\n\t\t\t\t\t\t<\/ul>\n\t\t\t\t\t\t<\/div>\n\t\t\t\t<\/div>\n\t\t\t\t\t<\/div>\n\t\t<\/div>\n\t\t\t\t\t<\/div>\n\t\t<\/section>\n\t\t\t\t\t<\/div>\n\t\t<\/div>\n\t\t\t\t<div class=\"elementor-column elementor-col-50 elementor-top-column elementor-element elementor-element-6d91eefb elementor-hidden-tablet elementor-hidden-mobile\" data-id=\"6d91eefb\" data-element_type=\"column\" data-e-type=\"column\">\n\t\t\t<div class=\"elementor-widget-wrap elementor-element-populated\">\n\t\t\t\t\t\t<div class=\"elementor-element elementor-element-1594f5a9 elementor-widget__width-initial elementor-absolute elementor-hidden-tablet elementor-hidden-phone elementor-widget elementor-widget-image\" data-id=\"1594f5a9\" data-element_type=\"widget\" data-e-type=\"widget\" data-settings=\"{&quot;_position&quot;:&quot;absolute&quot;}\" data-widget_type=\"image.default\">\n\t\t\t\t<div class=\"elementor-widget-container\">\n\t\t\t\t\t\t\t\t\t\t\t\t\t\t\t<img decoding=\"async\" width=\"600\" height=\"600\" src=\"https:\/\/www.citisend.io\/wp-content\/uploads\/2023\/11\/Area-emergencia-1.png\" class=\"attachment-full size-full wp-image-3738\" alt=\"\" srcset=\"https:\/\/www.citisend.io\/wp-content\/uploads\/2023\/11\/Area-emergencia-1.png 600w, https:\/\/www.citisend.io\/wp-content\/uploads\/2023\/11\/Area-emergencia-1-300x300.png 300w, https:\/\/www.citisend.io\/wp-content\/uploads\/2023\/11\/Area-emergencia-1-150x150.png 150w\" sizes=\"(max-width: 600px) 100vw, 600px\" \/>\t\t\t\t\t\t\t\t\t\t\t\t\t\t\t<\/div>\n\t\t\t\t<\/div>\n\t\t\t\t\t<\/div>\n\t\t<\/div>\n\t\t\t\t\t<\/div>\n\t\t<\/section>\n\t\t\t\t<section class=\"elementor-section elementor-top-section elementor-element elementor-element-6e1bb6f0 elementor-section-height-min-height elementor-section-boxed elementor-section-height-default elementor-section-items-middle\" data-id=\"6e1bb6f0\" data-element_type=\"section\" data-e-type=\"section\" data-settings=\"{&quot;background_background&quot;:&quot;classic&quot;}\">\n\t\t\t\t\t\t<div class=\"elementor-container elementor-column-gap-default\">\n\t\t\t\t\t<div class=\"elementor-column elementor-col-100 elementor-top-column elementor-element elementor-element-1d4e94f9\" data-id=\"1d4e94f9\" data-element_type=\"column\" data-e-type=\"column\">\n\t\t\t<div class=\"elementor-widget-wrap elementor-element-populated\">\n\t\t\t\t\t\t<div class=\"elementor-element elementor-element-c09f5b5 elementor-widget elementor-widget-heading\" data-id=\"c09f5b5\" data-element_type=\"widget\" data-e-type=\"widget\" data-widget_type=\"heading.default\">\n\t\t\t\t<div class=\"elementor-widget-container\">\n\t\t\t\t\t<h2 class=\"elementor-heading-title elementor-size-default\">Augmenta el reciclatge i les bones pr\u00e0ctiques<\/h2>\t\t\t\t<\/div>\n\t\t\t\t<\/div>\n\t\t\t\t<section class=\"elementor-section elementor-inner-section elementor-element elementor-element-698890e0 elementor-section-full_width elementor-section-height-default elementor-section-height-default\" data-id=\"698890e0\" data-element_type=\"section\" data-e-type=\"section\" data-settings=\"{&quot;background_background&quot;:&quot;classic&quot;}\">\n\t\t\t\t\t\t<div class=\"elementor-container elementor-column-gap-default\">\n\t\t\t\t\t<div class=\"elementor-column elementor-col-33 elementor-inner-column elementor-element elementor-element-3afec48f\" data-id=\"3afec48f\" data-element_type=\"column\" data-e-type=\"column\">\n\t\t\t<div class=\"elementor-widget-wrap elementor-element-populated\">\n\t\t\t\t\t\t<div class=\"elementor-element elementor-element-3d723e5f ekit-equal-height-disable elementor-widget elementor-widget-elementskit-icon-box\" data-id=\"3d723e5f\" data-element_type=\"widget\" data-e-type=\"widget\" data-widget_type=\"elementskit-icon-box.default\">\n\t\t\t\t<div class=\"elementor-widget-container\">\n\t\t\t\t\t<div class=\"ekit-wid-con\" >        <!-- link opening -->\n                <!-- end link opening -->\n\n        <div class=\"elementskit-infobox text-center text- icon-top-align elementor-animation-float   \">\n                            <div class=\"elementskit-box-header\">\n                <div class=\"elementskit-info-box-icon \">\n                    <img decoding=\"async\" width=\"512\" height=\"512\" src=\"https:\/\/www.citisend.io\/wp-content\/uploads\/2023\/10\/feedback.png\" class=\"attachment- size-\" alt=\"\" srcset=\"https:\/\/www.citisend.io\/wp-content\/uploads\/2023\/10\/feedback.png 512w, https:\/\/www.citisend.io\/wp-content\/uploads\/2023\/10\/feedback-300x300.png 300w, https:\/\/www.citisend.io\/wp-content\/uploads\/2023\/10\/feedback-150x150.png 150w\" sizes=\"(max-width: 512px) 100vw, 512px\" \/>                <\/div>\n          <\/div>\n                <div class=\"box-body\">\n                            <h3 class=\"elementskit-info-box-title\">\n                    Feedback dels habitants                <\/h3>\n                        \t\t  \t<p>Obtindr\u00e0s informaci\u00f3 en temps real sobre qu\u00e8 es diposita a cada \u00e0rea d'emerg\u00e8ncia, cosa que et permetr\u00e0 identificar tend\u00e8ncies d'\u00fas i aglutinar les aportacions totals per assolir la taxa justa.<\/p>\n                                <\/div>\n        \n        \n                <\/div>\n        <\/div>\t\t\t\t<\/div>\n\t\t\t\t<\/div>\n\t\t\t\t\t<\/div>\n\t\t<\/div>\n\t\t\t\t<div class=\"elementor-column elementor-col-33 elementor-inner-column elementor-element elementor-element-70c4fa58\" data-id=\"70c4fa58\" data-element_type=\"column\" data-e-type=\"column\">\n\t\t\t<div class=\"elementor-widget-wrap elementor-element-populated\">\n\t\t\t\t\t\t<div class=\"elementor-element elementor-element-71322da3 ekit-equal-height-disable elementor-widget elementor-widget-elementskit-icon-box\" data-id=\"71322da3\" data-element_type=\"widget\" data-e-type=\"widget\" data-widget_type=\"elementskit-icon-box.default\">\n\t\t\t\t<div class=\"elementor-widget-container\">\n\t\t\t\t\t<div class=\"ekit-wid-con\" >        <!-- link opening -->\n                <!-- end link opening -->\n\n        <div class=\"elementskit-infobox text-center text- icon-top-align elementor-animation-float   \">\n                            <div class=\"elementskit-box-header\">\n                <div class=\"elementskit-info-box-icon \">\n                    <img loading=\"lazy\" decoding=\"async\" width=\"153\" height=\"134\" src=\"https:\/\/www.citisend.io\/wp-content\/uploads\/2021\/09\/tancaments-contenidors.png\" class=\"attachment- size-\" alt=\"\" \/>                <\/div>\n          <\/div>\n                <div class=\"box-body\">\n                            <h3 class=\"elementskit-info-box-title\">\n                    Controla els espais de recollida                <\/h3>\n                        \t\t  \t<p>Controla els espais de recollida i decideix els permisos d'\u00fas per a cada usuari, tot mentre promous l'economia circular i fomentes pr\u00e0ctiques m\u00e9s sostenibles entre els habitants.<\/p>\n                                <\/div>\n        \n        \n                <\/div>\n        <\/div>\t\t\t\t<\/div>\n\t\t\t\t<\/div>\n\t\t\t\t\t<\/div>\n\t\t<\/div>\n\t\t\t\t<div class=\"elementor-column elementor-col-33 elementor-inner-column elementor-element elementor-element-54eeea82\" data-id=\"54eeea82\" data-element_type=\"column\" data-e-type=\"column\">\n\t\t\t<div class=\"elementor-widget-wrap elementor-element-populated\">\n\t\t\t\t\t\t<div class=\"elementor-element elementor-element-36c83e0f ekit-equal-height-disable elementor-widget elementor-widget-elementskit-icon-box\" data-id=\"36c83e0f\" data-element_type=\"widget\" data-e-type=\"widget\" data-widget_type=\"elementskit-icon-box.default\">\n\t\t\t\t<div class=\"elementor-widget-container\">\n\t\t\t\t\t<div class=\"ekit-wid-con\" >        <!-- link opening -->\n                <!-- end link opening -->\n\n        <div class=\"elementskit-infobox text-center text- icon-top-align elementor-animation-float   \">\n                            <div class=\"elementskit-box-header\">\n                <div class=\"elementskit-info-box-icon \">\n                    <img loading=\"lazy\" decoding=\"async\" width=\"512\" height=\"512\" src=\"https:\/\/www.citisend.io\/wp-content\/uploads\/2023\/10\/economia.png\" class=\"attachment- size-\" alt=\"\" srcset=\"https:\/\/www.citisend.io\/wp-content\/uploads\/2023\/10\/economia.png 512w, https:\/\/www.citisend.io\/wp-content\/uploads\/2023\/10\/economia-300x300.png 300w, https:\/\/www.citisend.io\/wp-content\/uploads\/2023\/10\/economia-150x150.png 150w\" sizes=\"(max-width: 512px) 100vw, 512px\" \/>                <\/div>\n          <\/div>\n                <div class=\"box-body\">\n                            <h3 class=\"elementskit-info-box-title\">\n                    Economia circular                <\/h3>\n                        \t\t  \t<p>Incrementa el reciclatge i les bones pr\u00e0ctiques d'\u00fas dels habitants mitjan\u00e7ant un major control i an\u00e0lisi de dades.<\/p>\n                                <\/div>\n        \n        \n                <\/div>\n        <\/div>\t\t\t\t<\/div>\n\t\t\t\t<\/div>\n\t\t\t\t\t<\/div>\n\t\t<\/div>\n\t\t\t\t\t<\/div>\n\t\t<\/section>\n\t\t\t\t\t<\/div>\n\t\t<\/div>\n\t\t\t\t\t<\/div>\n\t\t<\/section>\n\t\t\t\t<section class=\"elementor-section elementor-top-section elementor-element elementor-element-f85618a elementor-section-boxed elementor-section-height-default elementor-section-height-default\" data-id=\"f85618a\" data-element_type=\"section\" data-e-type=\"section\">\n\t\t\t\t\t\t<div class=\"elementor-container elementor-column-gap-default\">\n\t\t\t\t\t<div class=\"elementor-column elementor-col-100 elementor-top-column elementor-element elementor-element-1875b17\" data-id=\"1875b17\" data-element_type=\"column\" data-e-type=\"column\">\n\t\t\t<div class=\"elementor-widget-wrap elementor-element-populated\">\n\t\t\t\t\t\t<div class=\"elementor-element elementor-element-ae9cb29 elementor-widget elementor-widget-heading\" data-id=\"ae9cb29\" data-element_type=\"widget\" data-e-type=\"widget\" data-widget_type=\"heading.default\">\n\t\t\t\t<div class=\"elementor-widget-container\">\n\t\t\t\t\t<h2 class=\"elementor-heading-title elementor-size-default\">Controla els accessos a les \u00e0rees d'emerg\u00e8ncia<\/h2>\t\t\t\t<\/div>\n\t\t\t\t<\/div>\n\t\t\t\t<div class=\"elementor-element elementor-element-fc1a9e9 elementor-widget elementor-widget-text-editor\" data-id=\"fc1a9e9\" data-element_type=\"widget\" data-e-type=\"widget\" data-widget_type=\"text-editor.default\">\n\t\t\t\t<div class=\"elementor-widget-container\">\n\t\t\t\t\t\t\t\t\t<p>La soluci\u00f3 d&#8217;\u00e0rees d&#8217;emerg\u00e8ncia de Citisend destaca per la modularitat total, ajustant-se a diverses modalitats de gesti\u00f3. Des del control mitjan\u00e7ant aplicaci\u00f3 m\u00f2bil fins a la identificaci\u00f3 mitjan\u00e7ant targeta ciutadana o introducci\u00f3 de PIN, la flexibilitat \u00e9s clau.<\/p>\n<p>&nbsp;<\/p>\n<p>El programari associat no nom\u00e9s facilita l&#8217;administraci\u00f3 d&#8217;accessos, sin\u00f3 que tamb\u00e9 permet una an\u00e0lisi detallada de les entrades a diferents localitats, possibilitant comparatives i optimitzant l&#8217;efic\u00e0cia operativa. Si cal, la soluci\u00f3 contempla la implementaci\u00f3 de contenidors tancats en \u00e0rees d&#8217;emerg\u00e8ncia, assegurant aix\u00ed una resposta adaptada a les particularitats de cada entorn urb\u00e0 on s&#8217;implementa el sistema de recollida de residus de Citisend.<\/p>\n\t\t\t\t\t\t\t\t<\/div>\n\t\t\t\t<\/div>\n\t\t\t\t<section class=\"elementor-section elementor-inner-section elementor-element elementor-element-dea734b elementor-section-boxed elementor-section-height-default elementor-section-height-default\" data-id=\"dea734b\" data-element_type=\"section\" data-e-type=\"section\">\n\t\t\t\t\t\t<div class=\"elementor-container elementor-column-gap-default\">\n\t\t\t\t\t<div class=\"elementor-column elementor-col-66 elementor-inner-column elementor-element elementor-element-2d121c1\" data-id=\"2d121c1\" data-element_type=\"column\" data-e-type=\"column\">\n\t\t\t<div class=\"elementor-widget-wrap elementor-element-populated\">\n\t\t\t\t\t\t<div class=\"elementor-element elementor-element-f0b4225 elementor-widget elementor-widget-image\" data-id=\"f0b4225\" data-element_type=\"widget\" data-e-type=\"widget\" data-widget_type=\"image.default\">\n\t\t\t\t<div class=\"elementor-widget-container\">\n\t\t\t\t\t\t\t\t\t\t\t\t\t\t\t<img loading=\"lazy\" decoding=\"async\" width=\"800\" height=\"600\" src=\"https:\/\/www.citisend.io\/wp-content\/uploads\/2023\/11\/IMG_2369.jpg\" class=\"attachment-large size-large wp-image-3866\" alt=\"\" srcset=\"https:\/\/www.citisend.io\/wp-content\/uploads\/2023\/11\/IMG_2369.jpg 900w, https:\/\/www.citisend.io\/wp-content\/uploads\/2023\/11\/IMG_2369-300x225.jpg 300w, https:\/\/www.citisend.io\/wp-content\/uploads\/2023\/11\/IMG_2369-768x576.jpg 768w\" sizes=\"(max-width: 800px) 100vw, 800px\" \/>\t\t\t\t\t\t\t\t\t\t\t\t\t\t\t<\/div>\n\t\t\t\t<\/div>\n\t\t\t\t\t<\/div>\n\t\t<\/div>\n\t\t\t\t<div class=\"elementor-column elementor-col-33 elementor-inner-column elementor-element elementor-element-c6f87a6\" data-id=\"c6f87a6\" data-element_type=\"column\" data-e-type=\"column\">\n\t\t\t<div class=\"elementor-widget-wrap elementor-element-populated\">\n\t\t\t\t\t\t<div class=\"elementor-element elementor-element-3d5511f elementor-widget elementor-widget-image\" data-id=\"3d5511f\" data-element_type=\"widget\" data-e-type=\"widget\" data-widget_type=\"image.default\">\n\t\t\t\t<div class=\"elementor-widget-container\">\n\t\t\t\t\t\t\t\t\t\t\t\t\t\t\t<img loading=\"lazy\" decoding=\"async\" width=\"750\" height=\"1000\" src=\"https:\/\/www.citisend.io\/wp-content\/uploads\/2023\/11\/IMG_2360.jpg\" class=\"attachment-large size-large wp-image-3870\" alt=\"\" srcset=\"https:\/\/www.citisend.io\/wp-content\/uploads\/2023\/11\/IMG_2360.jpg 750w, https:\/\/www.citisend.io\/wp-content\/uploads\/2023\/11\/IMG_2360-225x300.jpg 225w\" sizes=\"(max-width: 750px) 100vw, 750px\" \/>\t\t\t\t\t\t\t\t\t\t\t\t\t\t\t<\/div>\n\t\t\t\t<\/div>\n\t\t\t\t\t<\/div>\n\t\t<\/div>\n\t\t\t\t\t<\/div>\n\t\t<\/section>\n\t\t\t\t\t<\/div>\n\t\t<\/div>\n\t\t\t\t\t<\/div>\n\t\t<\/section>\n\t\t\t\t<\/div>\n\t\t","protected":false},"excerpt":{"rendered":"<p>Productes Controleu l&#8217;acc\u00e9s de l&#8217;\u00e0rea d&#8217;emerg\u00e8ncia A Citisend brindem una soluci\u00f3 per controlar l&#8217;acc\u00e9s a les \u00e0rees d&#8217;emerg\u00e8ncia, s\u00f3n \u00e0rees amb pas controlat que brinden al ciutad\u00e0 la possibilitat de ser utilitzades en casos controlats. \u00a0 Amb el nostre sistema, tens un control total sobre qui i quan pot accedir a un contenidor oa una [&hellip;]<\/p>\n","protected":false},"author":1,"featured_media":0,"parent":0,"menu_order":0,"comment_status":"closed","ping_status":"closed","template":"elementor_header_footer","meta":{"om_disable_all_campaigns":false,"_monsterinsights_skip_tracking":false,"_monsterinsights_sitenote_active":false,"_monsterinsights_sitenote_note":"","_monsterinsights_sitenote_category":0,"footnotes":""},"class_list":["post-4005","page","type-page","status-publish","hentry"],"aioseo_notices":[],"_links":{"self":[{"href":"https:\/\/www.citisend.io\/ca\/wp-json\/wp\/v2\/pages\/4005","targetHints":{"allow":["GET"]}}],"collection":[{"href":"https:\/\/www.citisend.io\/ca\/wp-json\/wp\/v2\/pages"}],"about":[{"href":"https:\/\/www.citisend.io\/ca\/wp-json\/wp\/v2\/types\/page"}],"author":[{"embeddable":true,"href":"https:\/\/www.citisend.io\/ca\/wp-json\/wp\/v2\/users\/1"}],"replies":[{"embeddable":true,"href":"https:\/\/www.citisend.io\/ca\/wp-json\/wp\/v2\/comments?post=4005"}],"version-history":[{"count":1,"href":"https:\/\/www.citisend.io\/ca\/wp-json\/wp\/v2\/pages\/4005\/revisions"}],"predecessor-version":[{"id":4006,"href":"https:\/\/www.citisend.io\/ca\/wp-json\/wp\/v2\/pages\/4005\/revisions\/4006"}],"wp:attachment":[{"href":"https:\/\/www.citisend.io\/ca\/wp-json\/wp\/v2\/media?parent=4005"}],"curies":[{"name":"wp","href":"https:\/\/api.w.org\/{rel}","templated":true}]}}