{"id":4003,"date":"2023-10-03T10:08:08","date_gmt":"2023-10-03T10:08:08","guid":{"rendered":"https:\/\/www.citisend.io\/control-de-deixalleries\/"},"modified":"2023-12-14T12:24:56","modified_gmt":"2023-12-14T12:24:56","slug":"control-de-deixalleries","status":"publish","type":"page","link":"https:\/\/www.citisend.io\/ca\/control-de-deixalleries\/","title":{"rendered":"Control de deixalleries"},"content":{"rendered":"\t\t<div data-elementor-type=\"wp-page\" data-elementor-id=\"4003\" class=\"elementor elementor-4003 elementor-3416\" data-elementor-post-type=\"page\">\n\t\t\t\t\t\t<section class=\"elementor-section elementor-top-section elementor-element elementor-element-334dddd6 elementor-section-height-min-height elementor-section-boxed elementor-section-height-default elementor-section-items-middle\" data-id=\"334dddd6\" data-element_type=\"section\" data-e-type=\"section\" data-settings=\"{&quot;background_background&quot;:&quot;classic&quot;}\">\n\t\t\t\t\t\t\t<div class=\"elementor-background-overlay\"><\/div>\n\t\t\t\t\t\t\t<div class=\"elementor-container elementor-column-gap-default\">\n\t\t\t\t\t<div class=\"elementor-column elementor-col-33 elementor-top-column elementor-element elementor-element-2372a13c\" data-id=\"2372a13c\" data-element_type=\"column\" data-e-type=\"column\">\n\t\t\t<div class=\"elementor-widget-wrap\">\n\t\t\t\t\t\t\t<\/div>\n\t\t<\/div>\n\t\t\t\t<div class=\"elementor-column elementor-col-33 elementor-top-column elementor-element elementor-element-62aa2eb6\" data-id=\"62aa2eb6\" data-element_type=\"column\" data-e-type=\"column\">\n\t\t\t<div class=\"elementor-widget-wrap elementor-element-populated\">\n\t\t\t\t\t\t\t<\/div>\n\t\t<\/div>\n\t\t\t\t<div class=\"elementor-column elementor-col-33 elementor-top-column elementor-element elementor-element-392fa43f\" data-id=\"392fa43f\" data-element_type=\"column\" data-e-type=\"column\">\n\t\t\t<div class=\"elementor-widget-wrap\">\n\t\t\t\t\t\t\t<\/div>\n\t\t<\/div>\n\t\t\t\t\t<\/div>\n\t\t<\/section>\n\t\t\t\t<section class=\"elementor-section elementor-top-section elementor-element elementor-element-14e25538 elementor-section-height-min-height elementor-section-boxed elementor-section-height-default elementor-section-items-middle\" data-id=\"14e25538\" data-element_type=\"section\" data-e-type=\"section\" data-settings=\"{&quot;background_background&quot;:&quot;classic&quot;}\">\n\t\t\t\t\t\t<div class=\"elementor-container elementor-column-gap-default\">\n\t\t\t\t\t<div class=\"elementor-column elementor-col-50 elementor-top-column elementor-element elementor-element-485e3988\" data-id=\"485e3988\" data-element_type=\"column\" data-e-type=\"column\">\n\t\t\t<div class=\"elementor-widget-wrap elementor-element-populated\">\n\t\t\t\t\t\t<div class=\"elementor-element elementor-element-426f3456 animated-slow elementor-widget__width-auto elementor-absolute elementor-invisible elementor-widget elementor-widget-image\" data-id=\"426f3456\" data-element_type=\"widget\" data-e-type=\"widget\" data-settings=\"{&quot;_animation&quot;:&quot;fadeInLeft&quot;,&quot;_animation_delay&quot;:0,&quot;_position&quot;:&quot;absolute&quot;}\" data-widget_type=\"image.default\">\n\t\t\t\t<div class=\"elementor-widget-container\">\n\t\t\t\t\t\t\t\t\t\t\t\t\t\t\t<img fetchpriority=\"high\" decoding=\"async\" width=\"600\" height=\"600\" src=\"https:\/\/www.citisend.io\/wp-content\/uploads\/2021\/09\/5-rio-custom1.png\" class=\"attachment-large size-large wp-image-822\" alt=\"\" srcset=\"https:\/\/www.citisend.io\/wp-content\/uploads\/2021\/09\/5-rio-custom1.png 600w, https:\/\/www.citisend.io\/wp-content\/uploads\/2021\/09\/5-rio-custom1-300x300.png 300w, https:\/\/www.citisend.io\/wp-content\/uploads\/2021\/09\/5-rio-custom1-150x150.png 150w\" sizes=\"(max-width: 600px) 100vw, 600px\" \/>\t\t\t\t\t\t\t\t\t\t\t\t\t\t\t<\/div>\n\t\t\t\t<\/div>\n\t\t\t\t<div class=\"elementor-element elementor-element-488e736a elementor-invisible elementor-widget elementor-widget-heading\" data-id=\"488e736a\" data-element_type=\"widget\" data-e-type=\"widget\" data-settings=\"{&quot;_animation&quot;:&quot;fadeInUp&quot;,&quot;_animation_delay&quot;:1000}\" data-widget_type=\"heading.default\">\n\t\t\t\t<div class=\"elementor-widget-container\">\n\t\t\t\t\t<div class=\"elementor-heading-title elementor-size-default\">Productes<\/div>\t\t\t\t<\/div>\n\t\t\t\t<\/div>\n\t\t\t\t<div class=\"elementor-element elementor-element-1122d83 elementor-widget elementor-widget-heading\" data-id=\"1122d83\" data-element_type=\"widget\" data-e-type=\"widget\" data-widget_type=\"heading.default\">\n\t\t\t\t<div class=\"elementor-widget-container\">\n\t\t\t\t\t<h2 class=\"elementor-heading-title elementor-size-default\">Controla l'\u00fas i l'acc\u00e9s de la deixalleria<\/h2>\t\t\t\t<\/div>\n\t\t\t\t<\/div>\n\t\t\t\t<div class=\"elementor-element elementor-element-6029367 elementor-widget elementor-widget-text-editor\" data-id=\"6029367\" data-element_type=\"widget\" data-e-type=\"widget\" data-widget_type=\"text-editor.default\">\n\t\t\t\t<div class=\"elementor-widget-container\">\n\t\t\t\t\t\t\t\t\t<p>Amb Citisend, pots tenir un control efica\u00e7 sobre l&#8217;acc\u00e9s i l&#8217;\u00fas dels punts nets fixos i m\u00f2bils per part dels habitants del teu municipi. Tamb\u00e9 \u00e9s possible analitzar els tipus de residus que els usuaris dipositen als punts nets i tenir un control de les sortides de material que es produeixi.<\/p>\n\t\t\t\t\t\t\t\t<\/div>\n\t\t\t\t<\/div>\n\t\t\t\t<div class=\"elementor-element elementor-element-73e2968f elementor-widget elementor-widget-heading\" data-id=\"73e2968f\" data-element_type=\"widget\" data-e-type=\"widget\" data-widget_type=\"heading.default\">\n\t\t\t\t<div class=\"elementor-widget-container\">\n\t\t\t\t\t<h6 class=\"elementor-heading-title elementor-size-default\">Tot el que necessites per gestionar les deixalleries<\/h6>\t\t\t\t<\/div>\n\t\t\t\t<\/div>\n\t\t\t\t<div class=\"elementor-element elementor-element-71756fc4 elementor-widget elementor-widget-text-editor\" data-id=\"71756fc4\" data-element_type=\"widget\" data-e-type=\"widget\" data-widget_type=\"text-editor.default\">\n\t\t\t\t<div class=\"elementor-widget-container\">\n\t\t\t\t\t\t\t\t\t<p>La nostra soluci\u00f3 integral per al control de deixalleries abasta des de l&#8217;acc\u00e9s fins a l&#8217;an\u00e0lisi de l&#8217;\u00fas dels habitants del municipi.<\/p>\n<p>&nbsp;<\/p>\n<p>La gesti\u00f3 d&#8217;accessos a deixalleries o ecoparcs se simplifica amb flexibilitat a trav\u00e9s de dues opcions. L&#8217;entrada atesa ofereix un enfocament interactiu on un operari, expert en la classificaci\u00f3 de residus, supervisa i selecciona els materials dipositats pels ciutadans. D&#8217;altra banda, l&#8217;opci\u00f3 desatesa ofereix conveni\u00e8ncia mitjan\u00e7ant un totem automatitzat, permetent als ve\u00efns ingressar de manera aut\u00f2noma a la deixalleria. Aquesta modalitat no nom\u00e9s agilitza el proc\u00e9s d&#8217;acc\u00e9s, sin\u00f3 que tamb\u00e9 optimitza l&#8217;efici\u00e8ncia en proporcionar un m\u00e8tode automatitzat per a l&#8217;entrada dels ciutadans, millorant l&#8217;experi\u00e8ncia general en la gesti\u00f3 de residus.<\/p>\n\t\t\t\t\t\t\t\t<\/div>\n\t\t\t\t<\/div>\n\t\t\t\t\t<\/div>\n\t\t<\/div>\n\t\t\t\t<div class=\"elementor-column elementor-col-50 elementor-top-column elementor-element elementor-element-6d91eefb elementor-hidden-tablet elementor-hidden-mobile\" data-id=\"6d91eefb\" data-element_type=\"column\" data-e-type=\"column\">\n\t\t\t<div class=\"elementor-widget-wrap elementor-element-populated\">\n\t\t\t\t\t\t<div class=\"elementor-element elementor-element-1594f5a9 elementor-widget__width-initial elementor-absolute elementor-hidden-tablet elementor-hidden-phone elementor-widget elementor-widget-image\" data-id=\"1594f5a9\" data-element_type=\"widget\" data-e-type=\"widget\" data-settings=\"{&quot;_position&quot;:&quot;absolute&quot;}\" data-widget_type=\"image.default\">\n\t\t\t\t<div class=\"elementor-widget-container\">\n\t\t\t\t\t\t\t\t\t\t\t\t\t\t\t<img decoding=\"async\" width=\"600\" height=\"600\" src=\"https:\/\/www.citisend.io\/wp-content\/uploads\/2023\/11\/puntos-limpios-1.png\" class=\"attachment-full size-full wp-image-3750\" alt=\"\" srcset=\"https:\/\/www.citisend.io\/wp-content\/uploads\/2023\/11\/puntos-limpios-1.png 600w, https:\/\/www.citisend.io\/wp-content\/uploads\/2023\/11\/puntos-limpios-1-300x300.png 300w, https:\/\/www.citisend.io\/wp-content\/uploads\/2023\/11\/puntos-limpios-1-150x150.png 150w\" sizes=\"(max-width: 600px) 100vw, 600px\" \/>\t\t\t\t\t\t\t\t\t\t\t\t\t\t\t<\/div>\n\t\t\t\t<\/div>\n\t\t\t\t\t<\/div>\n\t\t<\/div>\n\t\t\t\t\t<\/div>\n\t\t<\/section>\n\t\t\t\t<section class=\"elementor-section elementor-top-section elementor-element elementor-element-6e1bb6f0 elementor-section-height-min-height elementor-section-boxed elementor-section-height-default elementor-section-items-middle\" data-id=\"6e1bb6f0\" data-element_type=\"section\" data-e-type=\"section\" data-settings=\"{&quot;background_background&quot;:&quot;classic&quot;}\">\n\t\t\t\t\t\t<div class=\"elementor-container elementor-column-gap-default\">\n\t\t\t\t\t<div class=\"elementor-column elementor-col-100 elementor-top-column elementor-element elementor-element-1d4e94f9\" data-id=\"1d4e94f9\" data-element_type=\"column\" data-e-type=\"column\">\n\t\t\t<div class=\"elementor-widget-wrap elementor-element-populated\">\n\t\t\t\t\t\t<section class=\"elementor-section elementor-inner-section elementor-element elementor-element-698890e0 elementor-section-full_width elementor-section-height-default elementor-section-height-default\" data-id=\"698890e0\" data-element_type=\"section\" data-e-type=\"section\" data-settings=\"{&quot;background_background&quot;:&quot;classic&quot;}\">\n\t\t\t\t\t\t<div class=\"elementor-container elementor-column-gap-default\">\n\t\t\t\t\t<div class=\"elementor-column elementor-col-33 elementor-inner-column elementor-element elementor-element-3afec48f\" data-id=\"3afec48f\" data-element_type=\"column\" data-e-type=\"column\">\n\t\t\t<div class=\"elementor-widget-wrap elementor-element-populated\">\n\t\t\t\t\t\t<div class=\"elementor-element elementor-element-3d723e5f ekit-equal-height-disable elementor-widget elementor-widget-elementskit-icon-box\" data-id=\"3d723e5f\" data-element_type=\"widget\" data-e-type=\"widget\" data-widget_type=\"elementskit-icon-box.default\">\n\t\t\t\t<div class=\"elementor-widget-container\">\n\t\t\t\t\t<div class=\"ekit-wid-con\" >        <!-- link opening -->\n                <!-- end link opening -->\n\n        <div class=\"elementskit-infobox text-center text- icon-top-align elementor-animation-float   \">\n                            <div class=\"elementskit-box-header\">\n                <div class=\"elementskit-info-box-icon \">\n                    <img decoding=\"async\" width=\"180\" height=\"157\" src=\"https:\/\/www.citisend.io\/wp-content\/uploads\/2021\/09\/contenidors-identifcacio.png\" class=\"attachment- size-\" alt=\"\" \/>                <\/div>\n          <\/div>\n                <div class=\"box-body\">\n                            <h3 class=\"elementskit-info-box-title\">\n                    Identificaci\u00f3 ciutad\u00e0                <\/h3>\n                        \t\t  \t<p>Es poden establir diferents permisos d'acc\u00e9s a trav\u00e9s d'una identificaci\u00f3 del ciutad\u00e0 que podr\u00e0 utilitzar en deixalleries, \u00e0rees d'emerg\u00e8ncia, control d'accessos de contenidors, cosa que simplifica el proc\u00e9s d'ingr\u00e9s a la deixalleria i permet un gran aven\u00e7 cap a la taxa justa.<\/p>\n                                <\/div>\n        \n        \n                <\/div>\n        <\/div>\t\t\t\t<\/div>\n\t\t\t\t<\/div>\n\t\t\t\t\t<\/div>\n\t\t<\/div>\n\t\t\t\t<div class=\"elementor-column elementor-col-33 elementor-inner-column elementor-element elementor-element-70c4fa58\" data-id=\"70c4fa58\" data-element_type=\"column\" data-e-type=\"column\">\n\t\t\t<div class=\"elementor-widget-wrap elementor-element-populated\">\n\t\t\t\t\t\t<div class=\"elementor-element elementor-element-71322da3 ekit-equal-height-disable elementor-widget elementor-widget-elementskit-icon-box\" data-id=\"71322da3\" data-element_type=\"widget\" data-e-type=\"widget\" data-widget_type=\"elementskit-icon-box.default\">\n\t\t\t\t<div class=\"elementor-widget-container\">\n\t\t\t\t\t<div class=\"ekit-wid-con\" >        <!-- link opening -->\n                <!-- end link opening -->\n\n        <div class=\"elementskit-infobox text-center text- icon-top-align elementor-animation-float   \">\n                            <div class=\"elementskit-box-header\">\n                <div class=\"elementskit-info-box-icon \">\n                    <img loading=\"lazy\" decoding=\"async\" width=\"512\" height=\"512\" src=\"https:\/\/www.citisend.io\/wp-content\/uploads\/2023\/10\/punto-limpio.png\" class=\"attachment- size-\" alt=\"\" srcset=\"https:\/\/www.citisend.io\/wp-content\/uploads\/2023\/10\/punto-limpio.png 512w, https:\/\/www.citisend.io\/wp-content\/uploads\/2023\/10\/punto-limpio-300x300.png 300w, https:\/\/www.citisend.io\/wp-content\/uploads\/2023\/10\/punto-limpio-150x150.png 150w\" sizes=\"(max-width: 512px) 100vw, 512px\" \/>                <\/div>\n          <\/div>\n                <div class=\"box-body\">\n                            <h3 class=\"elementskit-info-box-title\">\n                    Aportaci\u00f3 a Punt Net                <\/h3>\n                        \t\t  \t<p>Un cop identificat de forma manual o autom\u00e0tica el ciutad\u00e0, donem la possibilitat d'identificar i pesar el residu aportat al Punt Net permetent l'extracci\u00f3 d'informes reglamentaris per a les autoritats.<\/p>\n                                <\/div>\n        \n        \n                <\/div>\n        <\/div>\t\t\t\t<\/div>\n\t\t\t\t<\/div>\n\t\t\t\t\t<\/div>\n\t\t<\/div>\n\t\t\t\t<div class=\"elementor-column elementor-col-33 elementor-inner-column elementor-element elementor-element-54eeea82\" data-id=\"54eeea82\" data-element_type=\"column\" data-e-type=\"column\">\n\t\t\t<div class=\"elementor-widget-wrap elementor-element-populated\">\n\t\t\t\t\t\t<div class=\"elementor-element elementor-element-36c83e0f ekit-equal-height-disable elementor-widget elementor-widget-elementskit-icon-box\" data-id=\"36c83e0f\" data-element_type=\"widget\" data-e-type=\"widget\" data-widget_type=\"elementskit-icon-box.default\">\n\t\t\t\t<div class=\"elementor-widget-container\">\n\t\t\t\t\t<div class=\"ekit-wid-con\" >        <!-- link opening -->\n                <!-- end link opening -->\n\n        <div class=\"elementskit-infobox text-center text- icon-top-align elementor-animation-float   \">\n                            <div class=\"elementskit-box-header\">\n                <div class=\"elementskit-info-box-icon \">\n                    <img loading=\"lazy\" decoding=\"async\" width=\"158\" height=\"133\" src=\"https:\/\/www.citisend.io\/wp-content\/uploads\/2021\/09\/plataforma-gestio.png\" class=\"attachment- size-\" alt=\"\" \/>                <\/div>\n          <\/div>\n                <div class=\"box-body\">\n                            <h3 class=\"elementskit-info-box-title\">\n                    Programari i anal\u00edtica                <\/h3>\n                        \t\t  \t<p>El nostre programari permet un control complet i an\u00e0lisi detallada de totes les dades relacionades amb l'\u00fas i la generaci\u00f3 de residus a la deixalleria. Permet la parametritzaci\u00f3 de tots els informes i l'automatitzaci\u00f3 i l'extracci\u00f3 de la informaci\u00f3.<\/p>\n                                <\/div>\n        \n        \n                <\/div>\n        <\/div>\t\t\t\t<\/div>\n\t\t\t\t<\/div>\n\t\t\t\t\t<\/div>\n\t\t<\/div>\n\t\t\t\t\t<\/div>\n\t\t<\/section>\n\t\t\t\t\t<\/div>\n\t\t<\/div>\n\t\t\t\t\t<\/div>\n\t\t<\/section>\n\t\t\t\t<section class=\"elementor-section elementor-top-section elementor-element elementor-element-3c67047 elementor-section-boxed elementor-section-height-default elementor-section-height-default\" data-id=\"3c67047\" data-element_type=\"section\" data-e-type=\"section\">\n\t\t\t\t\t\t<div class=\"elementor-container elementor-column-gap-default\">\n\t\t\t\t\t<div class=\"elementor-column elementor-col-100 elementor-top-column elementor-element elementor-element-e3d8532\" data-id=\"e3d8532\" data-element_type=\"column\" data-e-type=\"column\">\n\t\t\t<div class=\"elementor-widget-wrap elementor-element-populated\">\n\t\t\t\t\t\t<div class=\"elementor-element elementor-element-4091033 elementor-widget elementor-widget-heading\" data-id=\"4091033\" data-element_type=\"widget\" data-e-type=\"widget\" data-widget_type=\"heading.default\">\n\t\t\t\t<div class=\"elementor-widget-container\">\n\t\t\t\t\t<h2 class=\"elementor-heading-title elementor-size-default\">Tots els punts nets en un \u00fanic programari<\/h2>\t\t\t\t<\/div>\n\t\t\t\t<\/div>\n\t\t\t\t<div class=\"elementor-element elementor-element-a463ec0 elementor-widget elementor-widget-text-editor\" data-id=\"a463ec0\" data-element_type=\"widget\" data-e-type=\"widget\" data-widget_type=\"text-editor.default\">\n\t\t\t\t<div class=\"elementor-widget-container\">\n\t\t\t\t\t\t\t\t\t<p>Amb l&#8217;avan\u00e7at programari de Citisend, aconseguim una comprensi\u00f3 completa de la din\u00e0mica de les deixalleries o ecoparcs. Mitjan\u00e7ant l&#8217;an\u00e0lisi del comportament ciutad\u00e0, podem precisar la quantitat exacta d&#8217;accessos diaris, registrar operacions i distingir entre operaris i ciutadans i identificar els grans productors.<\/p>\n<p>&nbsp;<\/p>\n<p>La plataforma facilita la gesti\u00f3 de sortides, proporcionant un control detallat de les activitats di\u00e0ries. A m\u00e9s, amb l&#8217;opci\u00f3 d&#8217;activar funcions com ara el dip\u00f2sit de residus convidats, Komtainer es destaca com una eina vers\u00e0til que agilitza i millora l&#8217;efici\u00e8ncia en la gesti\u00f3 di\u00e0ria de residus, assegurant un maneig efectiu i sostenible.<\/p>\n\t\t\t\t\t\t\t\t<\/div>\n\t\t\t\t<\/div>\n\t\t\t\t<section class=\"elementor-section elementor-inner-section elementor-element elementor-element-a55aefe elementor-section-boxed elementor-section-height-default elementor-section-height-default\" data-id=\"a55aefe\" data-element_type=\"section\" data-e-type=\"section\">\n\t\t\t\t\t\t<div class=\"elementor-container elementor-column-gap-default\">\n\t\t\t\t\t<div class=\"elementor-column elementor-col-50 elementor-inner-column elementor-element elementor-element-e4fecf0\" data-id=\"e4fecf0\" data-element_type=\"column\" data-e-type=\"column\">\n\t\t\t<div class=\"elementor-widget-wrap elementor-element-populated\">\n\t\t\t\t\t\t<div class=\"elementor-element elementor-element-136e986 elementor-widget elementor-widget-image\" data-id=\"136e986\" data-element_type=\"widget\" data-e-type=\"widget\" data-widget_type=\"image.default\">\n\t\t\t\t<div class=\"elementor-widget-container\">\n\t\t\t\t\t\t\t\t\t\t\t\t\t\t\t<img loading=\"lazy\" decoding=\"async\" width=\"658\" height=\"370\" src=\"https:\/\/www.citisend.io\/wp-content\/uploads\/2023\/12\/puntos-limpios.jpg\" class=\"attachment-large size-large wp-image-3922\" alt=\"\" srcset=\"https:\/\/www.citisend.io\/wp-content\/uploads\/2023\/12\/puntos-limpios.jpg 658w, https:\/\/www.citisend.io\/wp-content\/uploads\/2023\/12\/puntos-limpios-300x169.jpg 300w\" sizes=\"(max-width: 658px) 100vw, 658px\" \/>\t\t\t\t\t\t\t\t\t\t\t\t\t\t\t<\/div>\n\t\t\t\t<\/div>\n\t\t\t\t\t<\/div>\n\t\t<\/div>\n\t\t\t\t<div class=\"elementor-column elementor-col-50 elementor-inner-column elementor-element elementor-element-4cb442e\" data-id=\"4cb442e\" data-element_type=\"column\" data-e-type=\"column\">\n\t\t\t<div class=\"elementor-widget-wrap elementor-element-populated\">\n\t\t\t\t\t\t<div class=\"elementor-element elementor-element-9abdb90 elementor-widget elementor-widget-image\" data-id=\"9abdb90\" data-element_type=\"widget\" data-e-type=\"widget\" data-widget_type=\"image.default\">\n\t\t\t\t<div class=\"elementor-widget-container\">\n\t\t\t\t\t\t\t\t\t\t\t\t\t\t\t<img loading=\"lazy\" decoding=\"async\" width=\"434\" height=\"244\" src=\"https:\/\/www.citisend.io\/wp-content\/uploads\/2023\/12\/punto_limpio.jpg\" class=\"attachment-large size-large wp-image-3925\" alt=\"\" srcset=\"https:\/\/www.citisend.io\/wp-content\/uploads\/2023\/12\/punto_limpio.jpg 434w, https:\/\/www.citisend.io\/wp-content\/uploads\/2023\/12\/punto_limpio-300x169.jpg 300w\" sizes=\"(max-width: 434px) 100vw, 434px\" \/>\t\t\t\t\t\t\t\t\t\t\t\t\t\t\t<\/div>\n\t\t\t\t<\/div>\n\t\t\t\t\t<\/div>\n\t\t<\/div>\n\t\t\t\t\t<\/div>\n\t\t<\/section>\n\t\t\t\t\t<\/div>\n\t\t<\/div>\n\t\t\t\t\t<\/div>\n\t\t<\/section>\n\t\t\t\t<\/div>\n\t\t","protected":false},"excerpt":{"rendered":"<p>Productes Controla l&#8217;\u00fas i l&#8217;acc\u00e9s de la deixalleria Amb Citisend, pots tenir un control efica\u00e7 sobre l&#8217;acc\u00e9s i l&#8217;\u00fas dels punts nets fixos i m\u00f2bils per part dels habitants del teu municipi. Tamb\u00e9 \u00e9s possible analitzar els tipus de residus que els usuaris dipositen als punts nets i tenir un control de les sortides de [&hellip;]<\/p>\n","protected":false},"author":1,"featured_media":0,"parent":0,"menu_order":0,"comment_status":"closed","ping_status":"closed","template":"elementor_header_footer","meta":{"om_disable_all_campaigns":false,"_monsterinsights_skip_tracking":false,"_monsterinsights_sitenote_active":false,"_monsterinsights_sitenote_note":"","_monsterinsights_sitenote_category":0,"footnotes":""},"class_list":["post-4003","page","type-page","status-publish","hentry"],"aioseo_notices":[],"_links":{"self":[{"href":"https:\/\/www.citisend.io\/ca\/wp-json\/wp\/v2\/pages\/4003","targetHints":{"allow":["GET"]}}],"collection":[{"href":"https:\/\/www.citisend.io\/ca\/wp-json\/wp\/v2\/pages"}],"about":[{"href":"https:\/\/www.citisend.io\/ca\/wp-json\/wp\/v2\/types\/page"}],"author":[{"embeddable":true,"href":"https:\/\/www.citisend.io\/ca\/wp-json\/wp\/v2\/users\/1"}],"replies":[{"embeddable":true,"href":"https:\/\/www.citisend.io\/ca\/wp-json\/wp\/v2\/comments?post=4003"}],"version-history":[{"count":1,"href":"https:\/\/www.citisend.io\/ca\/wp-json\/wp\/v2\/pages\/4003\/revisions"}],"predecessor-version":[{"id":4004,"href":"https:\/\/www.citisend.io\/ca\/wp-json\/wp\/v2\/pages\/4003\/revisions\/4004"}],"wp:attachment":[{"href":"https:\/\/www.citisend.io\/ca\/wp-json\/wp\/v2\/media?parent=4003"}],"curies":[{"name":"wp","href":"https:\/\/api.w.org\/{rel}","templated":true}]}}