{"id":3027,"date":"2022-02-21T11:24:48","date_gmt":"2022-02-21T11:24:48","guid":{"rendered":"http:\/\/www.citisend.io\/avis-legal\/"},"modified":"2026-01-12T08:33:50","modified_gmt":"2026-01-12T08:33:50","slug":"avis-legal","status":"publish","type":"page","link":"https:\/\/www.citisend.io\/ca\/avis-legal\/","title":{"rendered":"AV\u00cdS LEGAL"},"content":{"rendered":"\t\t<div data-elementor-type=\"wp-page\" data-elementor-id=\"3027\" class=\"elementor elementor-3027 elementor-1978\" data-elementor-post-type=\"page\">\n\t\t\t\t\t\t<section class=\"elementor-section elementor-top-section elementor-element elementor-element-47216352 elementor-section-height-min-height elementor-section-boxed elementor-section-height-default elementor-section-items-middle\" data-id=\"47216352\" data-element_type=\"section\" data-e-type=\"section\" data-settings=\"{&quot;background_background&quot;:&quot;classic&quot;}\">\n\t\t\t\t\t\t\t<div class=\"elementor-background-overlay\"><\/div>\n\t\t\t\t\t\t\t<div class=\"elementor-container elementor-column-gap-default\">\n\t\t\t\t\t<div class=\"elementor-column elementor-col-33 elementor-top-column elementor-element elementor-element-4ecc80ac\" data-id=\"4ecc80ac\" data-element_type=\"column\" data-e-type=\"column\">\n\t\t\t<div class=\"elementor-widget-wrap\">\n\t\t\t\t\t\t\t<\/div>\n\t\t<\/div>\n\t\t\t\t<div class=\"elementor-column elementor-col-33 elementor-top-column elementor-element elementor-element-1e35e382\" data-id=\"1e35e382\" data-element_type=\"column\" data-e-type=\"column\">\n\t\t\t<div class=\"elementor-widget-wrap elementor-element-populated\">\n\t\t\t\t\t\t<div class=\"elementor-element elementor-element-16eca951 elementor-widget elementor-widget-heading\" data-id=\"16eca951\" data-element_type=\"widget\" data-e-type=\"widget\" data-widget_type=\"heading.default\">\n\t\t\t\t<div class=\"elementor-widget-container\">\n\t\t\t\t\t<h1 class=\"elementor-heading-title elementor-size-default\">AV\u00cdS LEGAL<\/h1>\t\t\t\t<\/div>\n\t\t\t\t<\/div>\n\t\t\t\t\t<\/div>\n\t\t<\/div>\n\t\t\t\t<div class=\"elementor-column elementor-col-33 elementor-top-column elementor-element elementor-element-349198bb\" data-id=\"349198bb\" data-element_type=\"column\" data-e-type=\"column\">\n\t\t\t<div class=\"elementor-widget-wrap\">\n\t\t\t\t\t\t\t<\/div>\n\t\t<\/div>\n\t\t\t\t\t<\/div>\n\t\t<\/section>\n\t\t\t\t<section class=\"elementor-section elementor-top-section elementor-element elementor-element-5e2493b3 elementor-section-boxed elementor-section-height-default elementor-section-height-default\" data-id=\"5e2493b3\" data-element_type=\"section\" data-e-type=\"section\">\n\t\t\t\t\t\t<div class=\"elementor-container elementor-column-gap-default\">\n\t\t\t\t\t<div class=\"elementor-column elementor-col-100 elementor-top-column elementor-element elementor-element-16796f20\" data-id=\"16796f20\" data-element_type=\"column\" data-e-type=\"column\">\n\t\t\t<div class=\"elementor-widget-wrap elementor-element-populated\">\n\t\t\t\t\t\t<div class=\"elementor-element elementor-element-593fb74e animated-slow elementor-widget__width-auto elementor-absolute elementor-invisible elementor-widget elementor-widget-image\" data-id=\"593fb74e\" data-element_type=\"widget\" data-e-type=\"widget\" data-settings=\"{&quot;_animation&quot;:&quot;fadeInLeft&quot;,&quot;_animation_delay&quot;:0,&quot;_position&quot;:&quot;absolute&quot;}\" data-widget_type=\"image.default\">\n\t\t\t\t<div class=\"elementor-widget-container\">\n\t\t\t\t\t\t\t\t\t\t\t\t\t\t\t<img fetchpriority=\"high\" decoding=\"async\" width=\"600\" height=\"600\" src=\"https:\/\/www.citisend.io\/wp-content\/uploads\/2021\/09\/5-rio-custom1.png\" class=\"attachment-large size-large wp-image-822\" alt=\"\" srcset=\"https:\/\/www.citisend.io\/wp-content\/uploads\/2021\/09\/5-rio-custom1.png 600w, https:\/\/www.citisend.io\/wp-content\/uploads\/2021\/09\/5-rio-custom1-300x300.png 300w, https:\/\/www.citisend.io\/wp-content\/uploads\/2021\/09\/5-rio-custom1-150x150.png 150w\" sizes=\"(max-width: 600px) 100vw, 600px\" \/>\t\t\t\t\t\t\t\t\t\t\t\t\t\t\t<\/div>\n\t\t\t\t<\/div>\n\t\t\t\t<div class=\"elementor-element elementor-element-7408507b elementor-widget elementor-widget-heading\" data-id=\"7408507b\" data-element_type=\"widget\" data-e-type=\"widget\" data-widget_type=\"heading.default\">\n\t\t\t\t<div class=\"elementor-widget-container\">\n\t\t\t\t\t<h2 class=\"elementor-heading-title elementor-size-default\">AV\u00cdS LEGAL<\/h2>\t\t\t\t<\/div>\n\t\t\t\t<\/div>\n\t\t\t\t<div class=\"elementor-element elementor-element-01d99a5 elementor-widget elementor-widget-heading\" data-id=\"01d99a5\" data-element_type=\"widget\" data-e-type=\"widget\" data-widget_type=\"heading.default\">\n\t\t\t\t<div class=\"elementor-widget-container\">\n\t\t\t\t\t<h5 class=\"elementor-heading-title elementor-size-default\">LLEI DELS SERVEIS DE LA SOCIETAT DE LA INFORMACI\u00d3 (LSSI)<\/h5>\t\t\t\t<\/div>\n\t\t\t\t<\/div>\n\t\t\t\t<div class=\"elementor-element elementor-element-0be046c elementor-widget elementor-widget-text-editor\" data-id=\"0be046c\" data-element_type=\"widget\" data-e-type=\"widget\" data-widget_type=\"text-editor.default\">\n\t\t\t\t<div class=\"elementor-widget-container\">\n\t\t\t\t\t\t\t\t\t<p class=\"p1\">CITISEND-URD S.L., responsable del lloc web, d\u2019ara endavant RESPONSABLE, posa a disposici\u00f3 dels usuaris el present document, amb el qual pret\u00e9n donar compliment a les obligacions disposades en la Llei 34\/2002, de 11 de juliol, de serveis de la Societat de la Informaci\u00f3 i de Comer\u00e7 Electr\u00f2nic (LSSICE), BOE N\u00ba 166, aix\u00ed com informar a tots els usuaris del lloc web respecte a quines s\u00f3n les condicions d\u2019\u00fas.<\/p>\n<p><\/p>\n<p class=\"p1\">Tota persona que accedeixi a aquest lloc web assumeix el paper d\u2019usuari, comprometent-se a l\u2019observan\u00e7a i compliment rigor\u00f3s de les disposicions aqu\u00ed disposades, aix\u00ed com a qualsevol altra disposici\u00f3 legal que fora d\u2019aplicaci\u00f3.<\/p>\n<p><\/p>\n<p class=\"p1\">CITISEND-URD S.L. es reserva el dret de modificar qualsevol tipus d\u2019informaci\u00f3 que pogu\u00e9s apar\u00e8ixer al lloc web, sense que hi hagi obligaci\u00f3 de preavisar o posar en coneixement dels usuaris aquestes obligacions, entenent-se com suficient amb la publicaci\u00f3 al lloc web de CITISEND-URD S.L..<\/p>\n\t\t\t\t\t\t\t\t<\/div>\n\t\t\t\t<\/div>\n\t\t\t\t<div class=\"elementor-element elementor-element-0eafaa0 elementor-widget elementor-widget-heading\" data-id=\"0eafaa0\" data-element_type=\"widget\" data-e-type=\"widget\" data-widget_type=\"heading.default\">\n\t\t\t\t<div class=\"elementor-widget-container\">\n\t\t\t\t\t<h5 class=\"elementor-heading-title elementor-size-default\">1. DADES IDENTIFICATIVES<\/h5>\t\t\t\t<\/div>\n\t\t\t\t<\/div>\n\t\t\t\t<div class=\"elementor-element elementor-element-cf9653e elementor-widget elementor-widget-text-editor\" data-id=\"cf9653e\" data-element_type=\"widget\" data-e-type=\"widget\" data-widget_type=\"text-editor.default\">\n\t\t\t\t<div class=\"elementor-widget-container\">\n\t\t\t\t\t\t\t\t\t<ul>\n<li>\n<p class=\"p1\">Nom de domini: www.citisend.io\/<\/p>\n<p class=\"p1\">Nom comercial: Citisend<\/p>\n<p class=\"p1\">Denominaci\u00f3 social: CITISEND-URD S.L.<\/p>\n<p class=\"p1\">NIF: B01801919<\/p>\n<p class=\"p1\">Domicili social: PCITAL GARDENY (EDIF. H2), S\/N &#8211; PLT 2 25003 LLEIDA<\/p>\n<p class=\"p1\">Tel\u00e8fon: Espa\u00f1a<\/p>\n<p class=\"p1\">E-mail: <a href=\"mailto:info@citisend.io\">info@citisend.io<\/a><\/p>\n<p class=\"p1\">Inscrita en el Registre (Mercantil \/ P\u00fablic):<\/p>\n<\/li>\n<\/ul>\n\t\t\t\t\t\t\t\t<\/div>\n\t\t\t\t<\/div>\n\t\t\t\t<div class=\"elementor-element elementor-element-2ae046e elementor-widget elementor-widget-heading\" data-id=\"2ae046e\" data-element_type=\"widget\" data-e-type=\"widget\" data-widget_type=\"heading.default\">\n\t\t\t\t<div class=\"elementor-widget-container\">\n\t\t\t\t\t<h5 class=\"elementor-heading-title elementor-size-default\">2. DRETS DE PROPIETAT INTEL\u00b7LECTUAL I INDUSTRIAL<\/h5>\t\t\t\t<\/div>\n\t\t\t\t<\/div>\n\t\t\t\t<div class=\"elementor-element elementor-element-fb3ac74 elementor-widget elementor-widget-text-editor\" data-id=\"fb3ac74\" data-element_type=\"widget\" data-e-type=\"widget\" data-widget_type=\"text-editor.default\">\n\t\t\t\t<div class=\"elementor-widget-container\">\n\t\t\t\t\t\t\t\t\t<p class=\"p1\">El lloc web, incloent a t\u00edtol enunciatiu per\u00f2 no limitatiu la seva programaci\u00f3, edici\u00f3, compilaci\u00f3 i altres elements necessaris per al seu funcionament, els dissenys, logotips, text i\/o gr\u00e0fics, s\u00f3n propietat del RESPONSABLE o, si \u00e9s el cas, disposa de llic\u00e8ncia o autoritzaci\u00f3 expressa per part dels autors. Tots els continguts del lloc web es troben degudament protegits per la normativa de propietat intel\u00b7lectual i industrial, aix\u00ed com inscrits en els registres p\u00fablics corresponents.<\/p>\n<p><\/p>\n<p class=\"p1\">Independentment de la finalitat per a la qual fossin destinats, la reproducci\u00f3 total o parcial, \u00fas, explotaci\u00f3, distribuci\u00f3 i comercialitzaci\u00f3, requereix en tot cas de l\u2019autoritzaci\u00f3 escrita pr\u00e8via per part del RESPONSABLE. Qualsevol \u00fas no autoritzat pr\u00e8viament es considera un incompliment greu dels drets de propietat intel\u00b7lectual o industrial de l\u2019autor.<\/p>\n<p><\/p>\n<p class=\"p1\">Els dissenys, logotips, text i\/o gr\u00e0fics aliens al RESPONSABLE i que poguessin apar\u00e8ixer en el lloc web, pertanyen als seus respectius propietaris, sent ells mateixos responsables de qualsevol possible controv\u00e8rsia que pogu\u00e9s suscitar respecte als mateixos. El RESPONSABLE autoritza expressament a que tercers puguin redirigir directament als continguts concrets del lloc web, i en tot cas redirigir al lloc web principal de www.citisend.io\/.<\/p>\n<p><\/p>\n<p class=\"p1\">El RESPONSABLE reconeix a favor dels seus titulars els corresponents drets de propietat intel\u00b7lectual i industrial, no implicant el seu sol esment o aparici\u00f3 en el lloc web l\u2019exist\u00e8ncia de drets o responsabilitat alguna sobre els mateixos, com tampoc respatller, patrocini o recomanaci\u00f3 per part del mateix .<\/p>\n<p><\/p>\n<p class=\"p1\">Per realitzar qualsevol tipus d\u2019observaci\u00f3 respecte a possibles incompliments dels drets de propietat intel\u00b7lectual o industrial, aix\u00ed com sobre qualsevol dels continguts del lloc web, pot fer-ho a trav\u00e9s del correu electr\u00f2nic info@citiysend.oi.<\/p>\n\t\t\t\t\t\t\t\t<\/div>\n\t\t\t\t<\/div>\n\t\t\t\t<div class=\"elementor-element elementor-element-e593dc6 elementor-widget elementor-widget-heading\" data-id=\"e593dc6\" data-element_type=\"widget\" data-e-type=\"widget\" data-widget_type=\"heading.default\">\n\t\t\t\t<div class=\"elementor-widget-container\">\n\t\t\t\t\t<h5 class=\"elementor-heading-title elementor-size-default\">3. EXEMPCI\u00d3 DE RESPONSABILITATS<\/h5>\t\t\t\t<\/div>\n\t\t\t\t<\/div>\n\t\t\t\t<div class=\"elementor-element elementor-element-4eba740 elementor-widget elementor-widget-text-editor\" data-id=\"4eba740\" data-element_type=\"widget\" data-e-type=\"widget\" data-widget_type=\"text-editor.default\">\n\t\t\t\t<div class=\"elementor-widget-container\">\n\t\t\t\t\t\t\t\t\t<p class=\"p1\">El RESPONSABLE s\u2019eximeix de qualsevol tipus de responsabilitat derivada de la informaci\u00f3 publicada al seu lloc web sempre que aquesta informaci\u00f3 hagi estat manipulada o introdu\u00efda per un tercer ali\u00e8 a aquest.<\/p>\n\t\t\t\t\t\t\t\t<\/div>\n\t\t\t\t<\/div>\n\t\t\t\t<div class=\"elementor-element elementor-element-22a6f0c elementor-widget elementor-widget-text-editor\" data-id=\"22a6f0c\" data-element_type=\"widget\" data-e-type=\"widget\" data-widget_type=\"text-editor.default\">\n\t\t\t\t<div class=\"elementor-widget-container\">\n\t\t\t\t\t\t\t\t\t<p class=\"p1\">\u00das de Cookies<\/p>\n<p><\/p>\n<p class=\"p1\">Aquest lloc web pot utilitzar cookies t\u00e8cniques (petits arxius d\u2019informaci\u00f3 que el servidor envia a l\u2019ordinador de qui accedeix a la p\u00e0gina) per dur a terme determinades funcions que s\u00f3n considerades imprescindibles per al correcte funcionament i visualitzaci\u00f3 del lloc. Les cookies utilitzades tenen, en tot cas, car\u00e0cter temporal, amb l\u2019\u00fanica finalitat de fer m\u00e9s efica\u00e7 la navegaci\u00f3, i desapareixen en acabar la sessi\u00f3 de l\u2019usuari. En cap cas, aquestes cookies proporcionen per si mateixes dades de car\u00e0cter personal i no s\u2019utilitzaran per a la recollida de les mateixes.<\/p>\n<p><\/p>\n<p class=\"p1\">Mitjan\u00e7ant l\u2019\u00fas de cookies tamb\u00e9 \u00e9s possible que el servidor on es troba la web reconegui el navegador utilitzat per l\u2019usuari amb la finalitat que la navegaci\u00f3 sigui m\u00e9s senzilla, permetent, per exemple, l\u2019acc\u00e9s dels usuaris que s\u2019hagin registrat pr\u00e8viament a les \u00e0rees, serveis, promocions o concursos reservats exclusivament a ells sense haver de registrar en cada visita. Tamb\u00e9 es poden utilitzar per mesurar l\u2019audi\u00e8ncia, par\u00e0metres de tr\u00e0nsit, controlar el progr\u00e9s i nombre d\u2019entrades, etc., sent en aquests casos cookies prescindibles t\u00e8cnicament per\u00f2 beneficioses per a l\u2019usuari. Aquest lloc web no s\u2019instal\u00b7lar\u00e0 cookies prescindibles sense el consentiment previ de l\u2019usuari.<\/p>\n<p><\/p>\n<p class=\"p1\">L\u2019usuari t\u00e9 la possibilitat de configurar el seu navegador per ser alertat de la recepci\u00f3 de cookies i per impedir la seva instal\u00b7laci\u00f3 al seu equip. Si us plau, consulti les instruccions del seu navegador per ampliar aquesta informaci\u00f3.<\/p>\n\t\t\t\t\t\t\t\t<\/div>\n\t\t\t\t<\/div>\n\t\t\t\t<div class=\"elementor-element elementor-element-565afea elementor-widget elementor-widget-text-editor\" data-id=\"565afea\" data-element_type=\"widget\" data-e-type=\"widget\" data-widget_type=\"text-editor.default\">\n\t\t\t\t<div class=\"elementor-widget-container\">\n\t\t\t\t\t\t\t\t\t<p class=\"p1\">Pol\u00edtica d\u2019enlla\u00e7os<\/p>\n<p><\/p>\n<p class=\"p1\">Des del lloc web, \u00e9s possible que es redirigeixi a continguts de tercers llocs web. At\u00e8s que el RESPONSABLE no pot controlar sempre els continguts introdu\u00efts pels tercers en els seus respectius llocs web, no assumeix cap tipus de responsabilitat respecte a aquests continguts. En tot cas, procedir\u00e0 a la retirada immediata de qualsevol contingut que pogu\u00e9s contravenir la legislaci\u00f3 nacional o internacional, la moral o l\u2019ordre p\u00fablic, procedint a la retirada immediata de la redirecci\u00f3 a dit lloc web, posant en coneixement de les autoritats competents el contingut en q\u00fcesti\u00f3.<\/p>\n<p><\/p>\n<p class=\"p1\">El RESPONSABLE no es fa responsable de la informaci\u00f3 i continguts emmagatzemats, a t\u00edtol enunciatiu per\u00f2 no limitatiu, en f\u00f2rums, xats, generadors de blogs, comentaris, xarxes socials o qualsevol altre mitj\u00e0 que permeti a tercers publicar continguts de forma independent en la p\u00e0gina web del RESPONSABLE. No obstant aix\u00f2, i en compliment del que disposen els articles 11 i 16 de la LSSICE, es posa a disposici\u00f3 de tots els usuaris, autoritats i forces de seguretat, col\u00b7laborant de forma activa en la retirada o, si escau, bloqueig de tots aquells continguts que puguin afectar o contravenir la legislaci\u00f3 nacional o internacional, els drets de tercers o la moral i l\u2019ordre p\u00fablic. En cas que l\u2019usuari consideri que existeix en el lloc web algun contingut que pogu\u00e9s ser susceptible d\u2019aquesta classificaci\u00f3, es prega ho faci saber de forma immediata a l\u2019administrador del lloc web.<\/p>\n<p><\/p>\n<p class=\"p1\">Aquest lloc web ha estat revisat i provat perqu\u00e8 funcioni correctament. En principi, pot garantir-se el correcte funcionament els 365 dies de l\u2019any, 24 hores al dia. No obstant aix\u00f2, el RESPONSABLE no descarta la possibilitat que existeixin certs errors de programaci\u00f3, o que esdevinguin causes de for\u00e7a major, cat\u00e0strofes naturals, vagues o circumst\u00e0ncies semblants que facin impossible l\u2019acc\u00e9s a la p\u00e0gina web.<\/p>\n\t\t\t\t\t\t\t\t<\/div>\n\t\t\t\t<\/div>\n\t\t\t\t<div class=\"elementor-element elementor-element-7bad00d elementor-widget elementor-widget-text-editor\" data-id=\"7bad00d\" data-element_type=\"widget\" data-e-type=\"widget\" data-widget_type=\"text-editor.default\">\n\t\t\t\t<div class=\"elementor-widget-container\">\n\t\t\t\t\t\t\t\t\t<p class=\"p1\">Adreces IP<\/p>\n<p><\/p>\n<p class=\"p1\">Els servidors del lloc web podran detectar de manera autom\u00e0tica l\u2019adre\u00e7a IP i el nom de domini utilitzats per l\u2019usuari. Una adre\u00e7a IP \u00e9s un nombre assignat autom\u00e0ticament a un ordinador quan aquest es connecta a Internet. Tota aquesta informaci\u00f3 \u00e9s registrada en un fitxer d\u2019activitat del servidor degudament inscrit que permet el posterior processament de les dades amb la finalitat d\u2019obtenir mesures \u00fanicament estad\u00edstiques que permetin con\u00e8ixer el nombre d\u2019impressions de p\u00e0gines, el nombre de visites realitzades als servidors web, l\u2019ordre de visites, el punt d\u2019acc\u00e9s, etc.<\/p>\n\t\t\t\t\t\t\t\t<\/div>\n\t\t\t\t<\/div>\n\t\t\t\t<div class=\"elementor-element elementor-element-a12abab elementor-widget elementor-widget-heading\" data-id=\"a12abab\" data-element_type=\"widget\" data-e-type=\"widget\" data-widget_type=\"heading.default\">\n\t\t\t\t<div class=\"elementor-widget-container\">\n\t\t\t\t\t<h5 class=\"elementor-heading-title elementor-size-default\">4. POL\u00cdTICA DE QUALITAT, MEDI AMBIENT I SEGURETAT DE LA INFORMACI\u00d3  <\/h5>\t\t\t\t<\/div>\n\t\t\t\t<\/div>\n\t\t\t\t<div class=\"elementor-element elementor-element-5e23719 elementor-widget elementor-widget-text-editor\" data-id=\"5e23719\" data-element_type=\"widget\" data-e-type=\"widget\" data-widget_type=\"text-editor.default\">\n\t\t\t\t<div class=\"elementor-widget-container\">\n\t\t\t\t\t\t\t\t\t<p>La prestaci\u00f3 dels serveis de Citisend es regeix pels est\u00e0ndards nacionals i internacionals per garantir la qualitat, el medi ambient i la seguretat de la informaci\u00f3.<\/p>\n<p>Citisend disposa d\u2019una Pol\u00edtica de Qualitat, una Pol\u00edtica de Medi Ambient i una Pol\u00edtica de Seguretat de la Informaci\u00f3 d\u2019acord amb els est\u00e0ndards ISO 9001, ISO 27001, ISO 14001 i l\u2019Esquema Nacional de Seguretat.<\/p>\n<p>Aquestes pol\u00edtiques, que regeixen els principis b\u00e0sics dels seus serveis, estan a disposici\u00f3 de les persones interessades pr\u00e8via sol\u00b7licitud a <a href=\"mailto:info@citisend.io\">info@citisend.io.<\/a><\/p>\n\t\t\t\t\t\t\t\t<\/div>\n\t\t\t\t<\/div>\n\t\t\t\t<div class=\"elementor-element elementor-element-5b316a0 elementor-widget elementor-widget-heading\" data-id=\"5b316a0\" data-element_type=\"widget\" data-e-type=\"widget\" data-widget_type=\"heading.default\">\n\t\t\t\t<div class=\"elementor-widget-container\">\n\t\t\t\t\t<h5 class=\"elementor-heading-title elementor-size-default\">4. LLEI APLICABLE I JURISDICCI\u00d3<\/h5>\t\t\t\t<\/div>\n\t\t\t\t<\/div>\n\t\t\t\t<div class=\"elementor-element elementor-element-97400a1 elementor-widget elementor-widget-text-editor\" data-id=\"97400a1\" data-element_type=\"widget\" data-e-type=\"widget\" data-widget_type=\"text-editor.default\">\n\t\t\t\t<div class=\"elementor-widget-container\">\n\t\t\t\t\t\t\t\t\t<p class=\"p1\">La llei aplicable en cas de disputa o conflicte d\u2019interpretaci\u00f3 dels termes que conformen els textos legals, aix\u00ed com qualsevol q\u00fcesti\u00f3 relacionada amb els serveis de la present web, ser\u00e0 la llei espanyola.<\/p>\n\t\t\t\t\t\t\t\t<\/div>\n\t\t\t\t<\/div>\n\t\t\t\t<div class=\"elementor-element elementor-element-4957d92 elementor-widget elementor-widget-text-editor\" data-id=\"4957d92\" data-element_type=\"widget\" data-e-type=\"widget\" data-widget_type=\"text-editor.default\">\n\t\t\t\t<div class=\"elementor-widget-container\">\n\t\t\t\t\t\t\t\t\t<p class=\"p1\"><em>\u00daltima actualitzaci\u00f3: 15\/12\/2025<\/em><\/p>\n\t\t\t\t\t\t\t\t<\/div>\n\t\t\t\t<\/div>\n\t\t\t\t\t<\/div>\n\t\t<\/div>\n\t\t\t\t\t<\/div>\n\t\t<\/section>\n\t\t\t\t<\/div>\n\t\t","protected":false},"excerpt":{"rendered":"<p>AV\u00cdS LEGAL AV\u00cdS LEGAL LLEI DELS SERVEIS DE LA SOCIETAT DE LA INFORMACI\u00d3 (LSSI) CITISEND-URD S.L., responsable del lloc web, d\u2019ara endavant RESPONSABLE, posa a disposici\u00f3 dels usuaris el present document, amb el qual pret\u00e9n donar compliment a les obligacions disposades en la Llei 34\/2002, de 11 de juliol, de serveis de la Societat de [&hellip;]<\/p>\n","protected":false},"author":1,"featured_media":0,"parent":0,"menu_order":0,"comment_status":"closed","ping_status":"closed","template":"elementor_header_footer","meta":{"om_disable_all_campaigns":false,"_monsterinsights_skip_tracking":false,"_monsterinsights_sitenote_active":false,"_monsterinsights_sitenote_note":"","_monsterinsights_sitenote_category":0,"footnotes":""},"class_list":["post-3027","page","type-page","status-publish","hentry"],"aioseo_notices":[],"_links":{"self":[{"href":"https:\/\/www.citisend.io\/ca\/wp-json\/wp\/v2\/pages\/3027","targetHints":{"allow":["GET"]}}],"collection":[{"href":"https:\/\/www.citisend.io\/ca\/wp-json\/wp\/v2\/pages"}],"about":[{"href":"https:\/\/www.citisend.io\/ca\/wp-json\/wp\/v2\/types\/page"}],"author":[{"embeddable":true,"href":"https:\/\/www.citisend.io\/ca\/wp-json\/wp\/v2\/users\/1"}],"replies":[{"embeddable":true,"href":"https:\/\/www.citisend.io\/ca\/wp-json\/wp\/v2\/comments?post=3027"}],"version-history":[{"count":9,"href":"https:\/\/www.citisend.io\/ca\/wp-json\/wp\/v2\/pages\/3027\/revisions"}],"predecessor-version":[{"id":4782,"href":"https:\/\/www.citisend.io\/ca\/wp-json\/wp\/v2\/pages\/3027\/revisions\/4782"}],"wp:attachment":[{"href":"https:\/\/www.citisend.io\/ca\/wp-json\/wp\/v2\/media?parent=3027"}],"curies":[{"name":"wp","href":"https:\/\/api.w.org\/{rel}","templated":true}]}}